{"id":10277,"date":"2019-08-13T14:44:17","date_gmt":"2019-08-13T11:44:17","guid":{"rendered":"https:\/\/energosteel.com\/calculation-of-the-filling-degree-the-ball-mill-with-grinding-media\/"},"modified":"2026-01-20T16:13:08","modified_gmt":"2026-01-20T13:13:08","slug":"calculation-of-the-filling-degree-the-ball-mill-with-grinding-media","status":"publish","type":"page","link":"https:\/\/energosteel.com\/es\/calculation-of-the-filling-degree-the-ball-mill-with-grinding-media\/","title":{"rendered":"Calculation SP"},"content":{"rendered":"","protected":false},"excerpt":{"rendered":"","protected":false},"author":4,"featured_media":9863,"parent":0,"menu_order":0,"comment_status":"closed","ping_status":"closed","template":"","meta":{"footnotes":""},"class_list":["post-10277","page","type-page","status-publish","has-post-thumbnail","hentry"],"yoast_head":"<!-- This site is optimized with the Yoast SEO plugin v27.1.1 - https:\/\/yoast.com\/product\/yoast-seo-wordpress\/ -->\n<title>C\u00e1lculo del grado de llenado del molino con bolas de molienda | Energosteel<\/title>\n<meta name=\"description\" content=\"C\u00e1lculo del grado de llenado de un molino de bolas con medios de molienda seg\u00fan la metodolog\u00eda de Energosteel: f\u00f3rmulas precisas, instrucciones paso a paso y mayor eficiencia del proceso.\" \/>\n<meta name=\"robots\" content=\"index, follow, max-snippet:-1, max-image-preview:large, max-video-preview:-1\" \/>\n<link rel=\"canonical\" href=\"https:\/\/energosteel.com\/es\/calculation-of-the-filling-degree-the-ball-mill-with-grinding-media\/\" \/>\n<meta property=\"og:locale\" content=\"es_ES\" \/>\n<meta property=\"og:type\" content=\"article\" \/>\n<meta property=\"og:title\" content=\"Calculation\" \/>\n<meta property=\"og:description\" content=\"of the filling degree the ball mill with grinding media\" \/>\n<meta property=\"og:url\" content=\"https:\/\/energosteel.com\/es\/calculation-of-the-filling-degree-the-ball-mill-with-grinding-media\/\" \/>\n<meta property=\"og:site_name\" content=\"Energosteel. Grinding Media Ball Manufacturer.\" \/>\n<meta property=\"article:modified_time\" content=\"2026-01-20T13:13:08+00:00\" \/>\n<meta property=\"og:image\" content=\"https:\/\/energosteel.com\/wp-content\/uploads\/2017\/11\/201711091.jpg\" \/>\n<meta name=\"twitter:card\" content=\"summary_large_image\" \/>\n<meta name=\"twitter:label1\" content=\"Tiempo de lectura\" \/>\n\t<meta name=\"twitter:data1\" content=\"1 minuto\" \/>\n<script type=\"application\/ld+json\" class=\"yoast-schema-graph\">{\"@context\":\"https:\/\/schema.org\",\"@graph\":[{\"@type\":\"WebPage\",\"@id\":\"https:\/\/energosteel.com\/es\/calculation-of-the-filling-degree-the-ball-mill-with-grinding-media\/\",\"url\":\"https:\/\/energosteel.com\/es\/calculation-of-the-filling-degree-the-ball-mill-with-grinding-media\/\",\"name\":\"C\u00e1lculo del grado de llenado del molino con bolas de molienda | Energosteel\",\"isPartOf\":{\"@id\":\"https:\/\/energosteel.com\/#website\"},\"primaryImageOfPage\":{\"@id\":\"https:\/\/energosteel.com\/es\/calculation-of-the-filling-degree-the-ball-mill-with-grinding-media\/#primaryimage\"},\"image\":{\"@id\":\"https:\/\/energosteel.com\/es\/calculation-of-the-filling-degree-the-ball-mill-with-grinding-media\/#primaryimage\"},\"thumbnailUrl\":\"https:\/\/energosteel.com\/wp-content\/uploads\/2025\/07\/ball-mill.jpg\",\"datePublished\":\"2019-08-13T11:44:17+00:00\",\"dateModified\":\"2026-01-20T13:13:08+00:00\",\"description\":\"C\u00e1lculo del grado de llenado de un molino de bolas con medios de molienda seg\u00fan la metodolog\u00eda de Energosteel: f\u00f3rmulas precisas, instrucciones paso a paso y mayor eficiencia del proceso.\",\"breadcrumb\":{\"@id\":\"https:\/\/energosteel.com\/es\/calculation-of-the-filling-degree-the-ball-mill-with-grinding-media\/#breadcrumb\"},\"inLanguage\":\"es\",\"potentialAction\":[{\"@type\":\"ReadAction\",\"target\":[\"https:\/\/energosteel.com\/es\/calculation-of-the-filling-degree-the-ball-mill-with-grinding-media\/\"]}]},{\"@type\":\"ImageObject\",\"inLanguage\":\"es\",\"@id\":\"https:\/\/energosteel.com\/es\/calculation-of-the-filling-degree-the-ball-mill-with-grinding-media\/#primaryimage\",\"url\":\"https:\/\/energosteel.com\/wp-content\/uploads\/2025\/07\/ball-mill.jpg\",\"contentUrl\":\"https:\/\/energosteel.com\/wp-content\/uploads\/2025\/07\/ball-mill.jpg\",\"width\":2000,\"height\":857,\"caption\":\"Calculation of the filling degree the ball mill with grinding media\"},{\"@type\":\"BreadcrumbList\",\"@id\":\"https:\/\/energosteel.com\/es\/calculation-of-the-filling-degree-the-ball-mill-with-grinding-media\/#breadcrumb\",\"itemListElement\":[{\"@type\":\"ListItem\",\"position\":1,\"name\":\"\u0413\u043b\u0430\u0432\u043d\u0430\u044f \u0441\u0442\u0440\u0430\u043d\u0438\u0446\u0430\",\"item\":\"https:\/\/energosteel.com\/\"},{\"@type\":\"ListItem\",\"position\":2,\"name\":\"Calculation SP\"}]},{\"@type\":\"WebSite\",\"@id\":\"https:\/\/energosteel.com\/#website\",\"url\":\"https:\/\/energosteel.com\/\",\"name\":\"Energosteel. Grinding Media Ball Manufacturer.\",\"description\":\"Energosteel. Grinding Media Ball Manufacturer. Steel Grinding Balls.\",\"potentialAction\":[{\"@type\":\"SearchAction\",\"target\":{\"@type\":\"EntryPoint\",\"urlTemplate\":\"https:\/\/energosteel.com\/?s={search_term_string}\"},\"query-input\":{\"@type\":\"PropertyValueSpecification\",\"valueRequired\":true,\"valueName\":\"search_term_string\"}}],\"inLanguage\":\"es\"}]}<\/script>\n<!-- \/ Yoast SEO plugin. -->","yoast_head_json":{"title":"C\u00e1lculo del grado de llenado del molino con bolas de molienda | Energosteel","description":"C\u00e1lculo del grado de llenado de un molino de bolas con medios de molienda seg\u00fan la metodolog\u00eda de Energosteel: f\u00f3rmulas precisas, instrucciones paso a paso y mayor eficiencia del proceso.","robots":{"index":"index","follow":"follow","max-snippet":"max-snippet:-1","max-image-preview":"max-image-preview:large","max-video-preview":"max-video-preview:-1"},"canonical":"https:\/\/energosteel.com\/es\/calculation-of-the-filling-degree-the-ball-mill-with-grinding-media\/","og_locale":"es_ES","og_type":"article","og_title":"Calculation","og_description":"of the filling degree the ball mill with grinding media","og_url":"https:\/\/energosteel.com\/es\/calculation-of-the-filling-degree-the-ball-mill-with-grinding-media\/","og_site_name":"Energosteel. Grinding Media Ball Manufacturer.","article_modified_time":"2026-01-20T13:13:08+00:00","og_image":[{"url":"https:\/\/energosteel.com\/wp-content\/uploads\/2017\/11\/201711091.jpg","type":"","width":"","height":""}],"twitter_card":"summary_large_image","twitter_misc":{"Tiempo de lectura":"1 minuto"},"schema":{"@context":"https:\/\/schema.org","@graph":[{"@type":"WebPage","@id":"https:\/\/energosteel.com\/es\/calculation-of-the-filling-degree-the-ball-mill-with-grinding-media\/","url":"https:\/\/energosteel.com\/es\/calculation-of-the-filling-degree-the-ball-mill-with-grinding-media\/","name":"C\u00e1lculo del grado de llenado del molino con bolas de molienda | Energosteel","isPartOf":{"@id":"https:\/\/energosteel.com\/#website"},"primaryImageOfPage":{"@id":"https:\/\/energosteel.com\/es\/calculation-of-the-filling-degree-the-ball-mill-with-grinding-media\/#primaryimage"},"image":{"@id":"https:\/\/energosteel.com\/es\/calculation-of-the-filling-degree-the-ball-mill-with-grinding-media\/#primaryimage"},"thumbnailUrl":"https:\/\/energosteel.com\/wp-content\/uploads\/2025\/07\/ball-mill.jpg","datePublished":"2019-08-13T11:44:17+00:00","dateModified":"2026-01-20T13:13:08+00:00","description":"C\u00e1lculo del grado de llenado de un molino de bolas con medios de molienda seg\u00fan la metodolog\u00eda de Energosteel: f\u00f3rmulas precisas, instrucciones paso a paso y mayor eficiencia del proceso.","breadcrumb":{"@id":"https:\/\/energosteel.com\/es\/calculation-of-the-filling-degree-the-ball-mill-with-grinding-media\/#breadcrumb"},"inLanguage":"es","potentialAction":[{"@type":"ReadAction","target":["https:\/\/energosteel.com\/es\/calculation-of-the-filling-degree-the-ball-mill-with-grinding-media\/"]}]},{"@type":"ImageObject","inLanguage":"es","@id":"https:\/\/energosteel.com\/es\/calculation-of-the-filling-degree-the-ball-mill-with-grinding-media\/#primaryimage","url":"https:\/\/energosteel.com\/wp-content\/uploads\/2025\/07\/ball-mill.jpg","contentUrl":"https:\/\/energosteel.com\/wp-content\/uploads\/2025\/07\/ball-mill.jpg","width":2000,"height":857,"caption":"Calculation of the filling degree the ball mill with grinding media"},{"@type":"BreadcrumbList","@id":"https:\/\/energosteel.com\/es\/calculation-of-the-filling-degree-the-ball-mill-with-grinding-media\/#breadcrumb","itemListElement":[{"@type":"ListItem","position":1,"name":"\u0413\u043b\u0430\u0432\u043d\u0430\u044f \u0441\u0442\u0440\u0430\u043d\u0438\u0446\u0430","item":"https:\/\/energosteel.com\/"},{"@type":"ListItem","position":2,"name":"Calculation SP"}]},{"@type":"WebSite","@id":"https:\/\/energosteel.com\/#website","url":"https:\/\/energosteel.com\/","name":"Energosteel. Grinding Media Ball Manufacturer.","description":"Energosteel. Grinding Media Ball Manufacturer. Steel Grinding Balls.","potentialAction":[{"@type":"SearchAction","target":{"@type":"EntryPoint","urlTemplate":"https:\/\/energosteel.com\/?s={search_term_string}"},"query-input":{"@type":"PropertyValueSpecification","valueRequired":true,"valueName":"search_term_string"}}],"inLanguage":"es"}]}},"_links":{"self":[{"href":"https:\/\/energosteel.com\/es\/wp-json\/wp\/v2\/pages\/10277","targetHints":{"allow":["GET"]}}],"collection":[{"href":"https:\/\/energosteel.com\/es\/wp-json\/wp\/v2\/pages"}],"about":[{"href":"https:\/\/energosteel.com\/es\/wp-json\/wp\/v2\/types\/page"}],"author":[{"embeddable":true,"href":"https:\/\/energosteel.com\/es\/wp-json\/wp\/v2\/users\/4"}],"replies":[{"embeddable":true,"href":"https:\/\/energosteel.com\/es\/wp-json\/wp\/v2\/comments?post=10277"}],"version-history":[{"count":1,"href":"https:\/\/energosteel.com\/es\/wp-json\/wp\/v2\/pages\/10277\/revisions"}],"predecessor-version":[{"id":11263,"href":"https:\/\/energosteel.com\/es\/wp-json\/wp\/v2\/pages\/10277\/revisions\/11263"}],"wp:featuredmedia":[{"embeddable":true,"href":"https:\/\/energosteel.com\/es\/wp-json\/wp\/v2\/media\/9863"}],"wp:attachment":[{"href":"https:\/\/energosteel.com\/es\/wp-json\/wp\/v2\/media?parent=10277"}],"curies":[{"name":"wp","href":"https:\/\/api.w.org\/{rel}","templated":true}]}}