{"id":10292,"date":"2025-07-10T15:58:11","date_gmt":"2025-07-10T12:58:11","guid":{"rendered":"https:\/\/energosteel.com\/technical-specifications-of-grinding-balls\/"},"modified":"2026-01-20T16:09:19","modified_gmt":"2026-01-20T13:09:19","slug":"technical-specifications-of-grinding-balls","status":"publish","type":"page","link":"https:\/\/energosteel.com\/es\/technical-specifications-of-grinding-balls\/","title":{"rendered":"TECHNICAL SPECIFICATIONS SP"},"content":{"rendered":"","protected":false},"excerpt":{"rendered":"","protected":false},"author":4,"featured_media":9851,"parent":0,"menu_order":0,"comment_status":"closed","ping_status":"closed","template":"","meta":{"footnotes":""},"class_list":["post-10292","page","type-page","status-publish","has-post-thumbnail","hentry"],"yoast_head":"<!-- This site is optimized with the Yoast SEO plugin v27.1.1 - https:\/\/yoast.com\/product\/yoast-seo-wordpress\/ -->\n<title>Especificaciones t\u00e9cnicas de bolas de acero para molienda | Energosteel<\/title>\n<meta name=\"description\" content=\"Especificaciones t\u00e9cnicas de las bolas de acero para molienda de Energosteel: di\u00e1metros, dureza, tolerancias, composici\u00f3n qu\u00edmica y par\u00e1metros operativos para m\u00e1xima eficiencia.\" \/>\n<meta name=\"robots\" content=\"index, follow, max-snippet:-1, max-image-preview:large, max-video-preview:-1\" \/>\n<link rel=\"canonical\" href=\"https:\/\/energosteel.com\/es\/technical-specifications-of-grinding-balls\/\" \/>\n<meta property=\"og:locale\" content=\"es_ES\" \/>\n<meta property=\"og:type\" content=\"article\" \/>\n<meta property=\"og:title\" content=\"Especificaciones t\u00e9cnicas de bolas de acero para molienda | Energosteel\" \/>\n<meta property=\"og:description\" content=\"Especificaciones t\u00e9cnicas de las bolas de acero para molienda de Energosteel: di\u00e1metros, dureza, tolerancias, composici\u00f3n qu\u00edmica y par\u00e1metros operativos para m\u00e1xima eficiencia.\" \/>\n<meta property=\"og:url\" content=\"https:\/\/energosteel.com\/es\/technical-specifications-of-grinding-balls\/\" \/>\n<meta property=\"og:site_name\" content=\"Energosteel. Grinding Media Ball Manufacturer.\" \/>\n<meta property=\"article:modified_time\" content=\"2026-01-20T13:09:19+00:00\" \/>\n<meta property=\"og:image\" content=\"https:\/\/energosteel.com\/wp-content\/uploads\/2025\/07\/SAG-balls.jpg\" \/>\n\t<meta property=\"og:image:width\" content=\"514\" \/>\n\t<meta property=\"og:image:height\" content=\"514\" \/>\n\t<meta property=\"og:image:type\" content=\"image\/jpeg\" \/>\n<meta name=\"twitter:card\" content=\"summary_large_image\" \/>\n<meta name=\"twitter:label1\" content=\"Tiempo de lectura\" \/>\n\t<meta name=\"twitter:data1\" content=\"1 minuto\" \/>\n<script type=\"application\/ld+json\" class=\"yoast-schema-graph\">{\"@context\":\"https:\/\/schema.org\",\"@graph\":[{\"@type\":\"WebPage\",\"@id\":\"https:\/\/energosteel.com\/es\/technical-specifications-of-grinding-balls\/\",\"url\":\"https:\/\/energosteel.com\/es\/technical-specifications-of-grinding-balls\/\",\"name\":\"Especificaciones t\u00e9cnicas de bolas de acero para molienda | Energosteel\",\"isPartOf\":{\"@id\":\"https:\/\/energosteel.com\/#website\"},\"primaryImageOfPage\":{\"@id\":\"https:\/\/energosteel.com\/es\/technical-specifications-of-grinding-balls\/#primaryimage\"},\"image\":{\"@id\":\"https:\/\/energosteel.com\/es\/technical-specifications-of-grinding-balls\/#primaryimage\"},\"thumbnailUrl\":\"https:\/\/energosteel.com\/wp-content\/uploads\/2025\/07\/SAG-balls.jpg\",\"datePublished\":\"2025-07-10T12:58:11+00:00\",\"dateModified\":\"2026-01-20T13:09:19+00:00\",\"description\":\"Especificaciones t\u00e9cnicas de las bolas de acero para molienda de Energosteel: di\u00e1metros, dureza, tolerancias, composici\u00f3n qu\u00edmica y par\u00e1metros operativos para m\u00e1xima eficiencia.\",\"breadcrumb\":{\"@id\":\"https:\/\/energosteel.com\/es\/technical-specifications-of-grinding-balls\/#breadcrumb\"},\"inLanguage\":\"es\",\"potentialAction\":[{\"@type\":\"ReadAction\",\"target\":[\"https:\/\/energosteel.com\/es\/technical-specifications-of-grinding-balls\/\"]}]},{\"@type\":\"ImageObject\",\"inLanguage\":\"es\",\"@id\":\"https:\/\/energosteel.com\/es\/technical-specifications-of-grinding-balls\/#primaryimage\",\"url\":\"https:\/\/energosteel.com\/wp-content\/uploads\/2025\/07\/SAG-balls.jpg\",\"contentUrl\":\"https:\/\/energosteel.com\/wp-content\/uploads\/2025\/07\/SAG-balls.jpg\",\"width\":514,\"height\":514,\"caption\":\"SAG balls\"},{\"@type\":\"BreadcrumbList\",\"@id\":\"https:\/\/energosteel.com\/es\/technical-specifications-of-grinding-balls\/#breadcrumb\",\"itemListElement\":[{\"@type\":\"ListItem\",\"position\":1,\"name\":\"\u0413\u043b\u0430\u0432\u043d\u0430\u044f \u0441\u0442\u0440\u0430\u043d\u0438\u0446\u0430\",\"item\":\"https:\/\/energosteel.com\/\"},{\"@type\":\"ListItem\",\"position\":2,\"name\":\"TECHNICAL SPECIFICATIONS SP\"}]},{\"@type\":\"WebSite\",\"@id\":\"https:\/\/energosteel.com\/#website\",\"url\":\"https:\/\/energosteel.com\/\",\"name\":\"Energosteel. Grinding Media Ball Manufacturer.\",\"description\":\"Energosteel. Grinding Media Ball Manufacturer. Steel Grinding Balls.\",\"potentialAction\":[{\"@type\":\"SearchAction\",\"target\":{\"@type\":\"EntryPoint\",\"urlTemplate\":\"https:\/\/energosteel.com\/?s={search_term_string}\"},\"query-input\":{\"@type\":\"PropertyValueSpecification\",\"valueRequired\":true,\"valueName\":\"search_term_string\"}}],\"inLanguage\":\"es\"}]}<\/script>\n<!-- \/ Yoast SEO plugin. -->","yoast_head_json":{"title":"Especificaciones t\u00e9cnicas de bolas de acero para molienda | Energosteel","description":"Especificaciones t\u00e9cnicas de las bolas de acero para molienda de Energosteel: di\u00e1metros, dureza, tolerancias, composici\u00f3n qu\u00edmica y par\u00e1metros operativos para m\u00e1xima eficiencia.","robots":{"index":"index","follow":"follow","max-snippet":"max-snippet:-1","max-image-preview":"max-image-preview:large","max-video-preview":"max-video-preview:-1"},"canonical":"https:\/\/energosteel.com\/es\/technical-specifications-of-grinding-balls\/","og_locale":"es_ES","og_type":"article","og_title":"Especificaciones t\u00e9cnicas de bolas de acero para molienda | Energosteel","og_description":"Especificaciones t\u00e9cnicas de las bolas de acero para molienda de Energosteel: di\u00e1metros, dureza, tolerancias, composici\u00f3n qu\u00edmica y par\u00e1metros operativos para m\u00e1xima eficiencia.","og_url":"https:\/\/energosteel.com\/es\/technical-specifications-of-grinding-balls\/","og_site_name":"Energosteel. Grinding Media Ball Manufacturer.","article_modified_time":"2026-01-20T13:09:19+00:00","og_image":[{"width":514,"height":514,"url":"https:\/\/energosteel.com\/wp-content\/uploads\/2025\/07\/SAG-balls.jpg","type":"image\/jpeg"}],"twitter_card":"summary_large_image","twitter_misc":{"Tiempo de lectura":"1 minuto"},"schema":{"@context":"https:\/\/schema.org","@graph":[{"@type":"WebPage","@id":"https:\/\/energosteel.com\/es\/technical-specifications-of-grinding-balls\/","url":"https:\/\/energosteel.com\/es\/technical-specifications-of-grinding-balls\/","name":"Especificaciones t\u00e9cnicas de bolas de acero para molienda | Energosteel","isPartOf":{"@id":"https:\/\/energosteel.com\/#website"},"primaryImageOfPage":{"@id":"https:\/\/energosteel.com\/es\/technical-specifications-of-grinding-balls\/#primaryimage"},"image":{"@id":"https:\/\/energosteel.com\/es\/technical-specifications-of-grinding-balls\/#primaryimage"},"thumbnailUrl":"https:\/\/energosteel.com\/wp-content\/uploads\/2025\/07\/SAG-balls.jpg","datePublished":"2025-07-10T12:58:11+00:00","dateModified":"2026-01-20T13:09:19+00:00","description":"Especificaciones t\u00e9cnicas de las bolas de acero para molienda de Energosteel: di\u00e1metros, dureza, tolerancias, composici\u00f3n qu\u00edmica y par\u00e1metros operativos para m\u00e1xima eficiencia.","breadcrumb":{"@id":"https:\/\/energosteel.com\/es\/technical-specifications-of-grinding-balls\/#breadcrumb"},"inLanguage":"es","potentialAction":[{"@type":"ReadAction","target":["https:\/\/energosteel.com\/es\/technical-specifications-of-grinding-balls\/"]}]},{"@type":"ImageObject","inLanguage":"es","@id":"https:\/\/energosteel.com\/es\/technical-specifications-of-grinding-balls\/#primaryimage","url":"https:\/\/energosteel.com\/wp-content\/uploads\/2025\/07\/SAG-balls.jpg","contentUrl":"https:\/\/energosteel.com\/wp-content\/uploads\/2025\/07\/SAG-balls.jpg","width":514,"height":514,"caption":"SAG balls"},{"@type":"BreadcrumbList","@id":"https:\/\/energosteel.com\/es\/technical-specifications-of-grinding-balls\/#breadcrumb","itemListElement":[{"@type":"ListItem","position":1,"name":"\u0413\u043b\u0430\u0432\u043d\u0430\u044f \u0441\u0442\u0440\u0430\u043d\u0438\u0446\u0430","item":"https:\/\/energosteel.com\/"},{"@type":"ListItem","position":2,"name":"TECHNICAL SPECIFICATIONS SP"}]},{"@type":"WebSite","@id":"https:\/\/energosteel.com\/#website","url":"https:\/\/energosteel.com\/","name":"Energosteel. Grinding Media Ball Manufacturer.","description":"Energosteel. Grinding Media Ball Manufacturer. Steel Grinding Balls.","potentialAction":[{"@type":"SearchAction","target":{"@type":"EntryPoint","urlTemplate":"https:\/\/energosteel.com\/?s={search_term_string}"},"query-input":{"@type":"PropertyValueSpecification","valueRequired":true,"valueName":"search_term_string"}}],"inLanguage":"es"}]}},"_links":{"self":[{"href":"https:\/\/energosteel.com\/es\/wp-json\/wp\/v2\/pages\/10292","targetHints":{"allow":["GET"]}}],"collection":[{"href":"https:\/\/energosteel.com\/es\/wp-json\/wp\/v2\/pages"}],"about":[{"href":"https:\/\/energosteel.com\/es\/wp-json\/wp\/v2\/types\/page"}],"author":[{"embeddable":true,"href":"https:\/\/energosteel.com\/es\/wp-json\/wp\/v2\/users\/4"}],"replies":[{"embeddable":true,"href":"https:\/\/energosteel.com\/es\/wp-json\/wp\/v2\/comments?post=10292"}],"version-history":[{"count":1,"href":"https:\/\/energosteel.com\/es\/wp-json\/wp\/v2\/pages\/10292\/revisions"}],"predecessor-version":[{"id":11258,"href":"https:\/\/energosteel.com\/es\/wp-json\/wp\/v2\/pages\/10292\/revisions\/11258"}],"wp:featuredmedia":[{"embeddable":true,"href":"https:\/\/energosteel.com\/es\/wp-json\/wp\/v2\/media\/9851"}],"wp:attachment":[{"href":"https:\/\/energosteel.com\/es\/wp-json\/wp\/v2\/media?parent=10292"}],"curies":[{"name":"wp","href":"https:\/\/api.w.org\/{rel}","templated":true}]}}