{"id":7267,"date":"2016-12-21T01:16:48","date_gmt":"2016-12-20T22:16:48","guid":{"rendered":"https:\/\/energosteel.com\/?page_id=7267"},"modified":"2022-02-23T22:11:42","modified_gmt":"2022-02-23T19:11:42","slug":"dstu-estandares-nacionales-8538-2015-bolas-de-molienda-de-acero-para-molinos-de-bolas","status":"publish","type":"page","link":"https:\/\/energosteel.com\/es\/dstu-estandares-nacionales-8538-2015-bolas-de-molienda-de-acero-para-molinos-de-bolas\/","title":{"rendered":"DSTU (EST\u00c1NDARES NACIONALES) 8538:2015 BOLAS DE MOLIENDA DE ACERO PARA MOLINOS DE BOLAS"},"content":{"rendered":"<p style=\"text-indent: 20px;\" align=\"justify\">El est\u00e1ndar estatal de Ucrania (versi\u00f3n de 2015) se aplica a las bolas de molienda, que se fabrican por laminaci\u00f3n, estampado y se utilizan para moler las materias primas en los molinos de bolas. En este documento se describen los requisitos relativos a las materias primas y productos terminados (bolas); la clasificaci\u00f3n de bolas de molienda por grupos de dureza y requisitos para ellas; se regulan las normas de etiquetado, embalaje, entrega\/aceptaci\u00f3n, transporte y almacenamiento. El documento tambi\u00e9n describe las reglas y el m\u00e9todo de control de calidad de los productos terminados. El est\u00e1ndar es v\u00e1lido en el territorio de Ucrania.<\/p>\n<p><sup><a href=\"\/wp-content\/uploads\/2020\/10\/DSTU-8538-2015.pdf\" target=\"_blank\" rel=\"noopener noreferrer\">Abrir en formato PDF<\/a><\/sup><\/p>\n<p>Ir a la p\u00e1gina de inicio para leer sobre <a href=\"https:\/\/energosteel.com\/es\/\">bolas de molienda de acero<\/a>.<\/p>\n<p>&nbsp;<\/p>\n","protected":false},"excerpt":{"rendered":"<p>El est\u00e1ndar estatal de Ucrania (versi\u00f3n de 2015) se aplica a las bolas de molienda, que se fabrican por laminaci\u00f3n, estampado y se utilizan para moler<span class=\"excerpt-hellip\"> [\u2026]<\/span><\/p>\n","protected":false},"author":4,"featured_media":0,"parent":0,"menu_order":0,"comment_status":"closed","ping_status":"closed","template":"","meta":{"footnotes":""},"class_list":["post-7267","page","type-page","status-publish","hentry"],"yoast_head":"<!-- This site is optimized with the Yoast SEO plugin v27.1.1 - https:\/\/yoast.com\/product\/yoast-seo-wordpress\/ -->\n<title>DSTU (EST\u00c1NDARES NACIONALES) 8538:2015 BOLAS DE MOLIENDA DE ACERO PARA MOLINOS DE BOLAS<\/title>\n<meta name=\"robots\" content=\"index, follow, max-snippet:-1, max-image-preview:large, max-video-preview:-1\" \/>\n<link rel=\"canonical\" href=\"https:\/\/energosteel.com\/es\/dstu-estandares-nacionales-8538-2015-bolas-de-molienda-de-acero-para-molinos-de-bolas\/\" \/>\n<meta property=\"og:locale\" content=\"es_ES\" \/>\n<meta property=\"og:type\" content=\"article\" \/>\n<meta property=\"og:title\" content=\"DSTU (EST\u00c1NDARES NACIONALES) 8538:2015 BOLAS DE MOLIENDA DE ACERO PARA MOLINOS DE BOLAS\" \/>\n<meta property=\"og:description\" content=\"El est\u00e1ndar estatal de Ucrania (versi\u00f3n de 2015) se aplica a las bolas de molienda, que se fabrican por laminaci\u00f3n, estampado y se utilizan para moler [\u2026]\" \/>\n<meta property=\"og:url\" content=\"https:\/\/energosteel.com\/es\/dstu-estandares-nacionales-8538-2015-bolas-de-molienda-de-acero-para-molinos-de-bolas\/\" \/>\n<meta property=\"og:site_name\" content=\"Energosteel. Grinding Media Ball Manufacturer.\" \/>\n<meta property=\"article:modified_time\" content=\"2022-02-23T19:11:42+00:00\" \/>\n<meta name=\"twitter:card\" content=\"summary_large_image\" \/>\n<meta name=\"twitter:label1\" content=\"Tiempo de lectura\" \/>\n\t<meta name=\"twitter:data1\" content=\"1 minuto\" \/>\n<script type=\"application\/ld+json\" class=\"yoast-schema-graph\">{\"@context\":\"https:\/\/schema.org\",\"@graph\":[{\"@type\":\"WebPage\",\"@id\":\"https:\/\/energosteel.com\/es\/dstu-estandares-nacionales-8538-2015-bolas-de-molienda-de-acero-para-molinos-de-bolas\/\",\"url\":\"https:\/\/energosteel.com\/es\/dstu-estandares-nacionales-8538-2015-bolas-de-molienda-de-acero-para-molinos-de-bolas\/\",\"name\":\"DSTU (EST\u00c1NDARES NACIONALES) 8538:2015 BOLAS DE MOLIENDA DE ACERO PARA MOLINOS DE BOLAS\",\"isPartOf\":{\"@id\":\"https:\/\/energosteel.com\/#website\"},\"datePublished\":\"2016-12-20T22:16:48+00:00\",\"dateModified\":\"2022-02-23T19:11:42+00:00\",\"breadcrumb\":{\"@id\":\"https:\/\/energosteel.com\/es\/dstu-estandares-nacionales-8538-2015-bolas-de-molienda-de-acero-para-molinos-de-bolas\/#breadcrumb\"},\"inLanguage\":\"es\",\"potentialAction\":[{\"@type\":\"ReadAction\",\"target\":[\"https:\/\/energosteel.com\/es\/dstu-estandares-nacionales-8538-2015-bolas-de-molienda-de-acero-para-molinos-de-bolas\/\"]}]},{\"@type\":\"BreadcrumbList\",\"@id\":\"https:\/\/energosteel.com\/es\/dstu-estandares-nacionales-8538-2015-bolas-de-molienda-de-acero-para-molinos-de-bolas\/#breadcrumb\",\"itemListElement\":[{\"@type\":\"ListItem\",\"position\":1,\"name\":\"\u0413\u043b\u0430\u0432\u043d\u0430\u044f \u0441\u0442\u0440\u0430\u043d\u0438\u0446\u0430\",\"item\":\"https:\/\/energosteel.com\/\"},{\"@type\":\"ListItem\",\"position\":2,\"name\":\"DSTU (EST\u00c1NDARES NACIONALES) 8538:2015 BOLAS DE MOLIENDA DE ACERO PARA MOLINOS DE BOLAS\"}]},{\"@type\":\"WebSite\",\"@id\":\"https:\/\/energosteel.com\/#website\",\"url\":\"https:\/\/energosteel.com\/\",\"name\":\"Energosteel. Grinding Media Ball Manufacturer.\",\"description\":\"Energosteel. Grinding Media Ball Manufacturer. Steel Grinding Balls.\",\"potentialAction\":[{\"@type\":\"SearchAction\",\"target\":{\"@type\":\"EntryPoint\",\"urlTemplate\":\"https:\/\/energosteel.com\/?s={search_term_string}\"},\"query-input\":{\"@type\":\"PropertyValueSpecification\",\"valueRequired\":true,\"valueName\":\"search_term_string\"}}],\"inLanguage\":\"es\"}]}<\/script>\n<!-- \/ Yoast SEO plugin. -->","yoast_head_json":{"title":"DSTU (EST\u00c1NDARES NACIONALES) 8538:2015 BOLAS DE MOLIENDA DE ACERO PARA MOLINOS DE BOLAS","robots":{"index":"index","follow":"follow","max-snippet":"max-snippet:-1","max-image-preview":"max-image-preview:large","max-video-preview":"max-video-preview:-1"},"canonical":"https:\/\/energosteel.com\/es\/dstu-estandares-nacionales-8538-2015-bolas-de-molienda-de-acero-para-molinos-de-bolas\/","og_locale":"es_ES","og_type":"article","og_title":"DSTU (EST\u00c1NDARES NACIONALES) 8538:2015 BOLAS DE MOLIENDA DE ACERO PARA MOLINOS DE BOLAS","og_description":"El est\u00e1ndar estatal de Ucrania (versi\u00f3n de 2015) se aplica a las bolas de molienda, que se fabrican por laminaci\u00f3n, estampado y se utilizan para moler [\u2026]","og_url":"https:\/\/energosteel.com\/es\/dstu-estandares-nacionales-8538-2015-bolas-de-molienda-de-acero-para-molinos-de-bolas\/","og_site_name":"Energosteel. Grinding Media Ball Manufacturer.","article_modified_time":"2022-02-23T19:11:42+00:00","twitter_card":"summary_large_image","twitter_misc":{"Tiempo de lectura":"1 minuto"},"schema":{"@context":"https:\/\/schema.org","@graph":[{"@type":"WebPage","@id":"https:\/\/energosteel.com\/es\/dstu-estandares-nacionales-8538-2015-bolas-de-molienda-de-acero-para-molinos-de-bolas\/","url":"https:\/\/energosteel.com\/es\/dstu-estandares-nacionales-8538-2015-bolas-de-molienda-de-acero-para-molinos-de-bolas\/","name":"DSTU (EST\u00c1NDARES NACIONALES) 8538:2015 BOLAS DE MOLIENDA DE ACERO PARA MOLINOS DE BOLAS","isPartOf":{"@id":"https:\/\/energosteel.com\/#website"},"datePublished":"2016-12-20T22:16:48+00:00","dateModified":"2022-02-23T19:11:42+00:00","breadcrumb":{"@id":"https:\/\/energosteel.com\/es\/dstu-estandares-nacionales-8538-2015-bolas-de-molienda-de-acero-para-molinos-de-bolas\/#breadcrumb"},"inLanguage":"es","potentialAction":[{"@type":"ReadAction","target":["https:\/\/energosteel.com\/es\/dstu-estandares-nacionales-8538-2015-bolas-de-molienda-de-acero-para-molinos-de-bolas\/"]}]},{"@type":"BreadcrumbList","@id":"https:\/\/energosteel.com\/es\/dstu-estandares-nacionales-8538-2015-bolas-de-molienda-de-acero-para-molinos-de-bolas\/#breadcrumb","itemListElement":[{"@type":"ListItem","position":1,"name":"\u0413\u043b\u0430\u0432\u043d\u0430\u044f \u0441\u0442\u0440\u0430\u043d\u0438\u0446\u0430","item":"https:\/\/energosteel.com\/"},{"@type":"ListItem","position":2,"name":"DSTU (EST\u00c1NDARES NACIONALES) 8538:2015 BOLAS DE MOLIENDA DE ACERO PARA MOLINOS DE BOLAS"}]},{"@type":"WebSite","@id":"https:\/\/energosteel.com\/#website","url":"https:\/\/energosteel.com\/","name":"Energosteel. Grinding Media Ball Manufacturer.","description":"Energosteel. Grinding Media Ball Manufacturer. Steel Grinding Balls.","potentialAction":[{"@type":"SearchAction","target":{"@type":"EntryPoint","urlTemplate":"https:\/\/energosteel.com\/?s={search_term_string}"},"query-input":{"@type":"PropertyValueSpecification","valueRequired":true,"valueName":"search_term_string"}}],"inLanguage":"es"}]}},"_links":{"self":[{"href":"https:\/\/energosteel.com\/es\/wp-json\/wp\/v2\/pages\/7267","targetHints":{"allow":["GET"]}}],"collection":[{"href":"https:\/\/energosteel.com\/es\/wp-json\/wp\/v2\/pages"}],"about":[{"href":"https:\/\/energosteel.com\/es\/wp-json\/wp\/v2\/types\/page"}],"author":[{"embeddable":true,"href":"https:\/\/energosteel.com\/es\/wp-json\/wp\/v2\/users\/4"}],"replies":[{"embeddable":true,"href":"https:\/\/energosteel.com\/es\/wp-json\/wp\/v2\/comments?post=7267"}],"version-history":[{"count":0,"href":"https:\/\/energosteel.com\/es\/wp-json\/wp\/v2\/pages\/7267\/revisions"}],"wp:attachment":[{"href":"https:\/\/energosteel.com\/es\/wp-json\/wp\/v2\/media?parent=7267"}],"curies":[{"name":"wp","href":"https:\/\/api.w.org\/{rel}","templated":true}]}}