{"id":10062,"date":"2025-07-28T14:56:36","date_gmt":"2025-07-28T11:56:36","guid":{"rendered":"https:\/\/energosteel.com\/about\/"},"modified":"2026-01-18T16:51:58","modified_gmt":"2026-01-18T13:51:58","slug":"about","status":"publish","type":"page","link":"https:\/\/energosteel.com\/pl\/about\/","title":{"rendered":"About PL"},"content":{"rendered":"","protected":false},"excerpt":{"rendered":"","protected":false},"author":4,"featured_media":9875,"parent":0,"menu_order":0,"comment_status":"closed","ping_status":"closed","template":"","meta":{"footnotes":""},"class_list":["post-10062","page","type-page","status-publish","has-post-thumbnail","hentry"],"yoast_head":"<!-- This site is optimized with the Yoast SEO plugin v27.1.1 - https:\/\/yoast.com\/product\/yoast-seo-wordpress\/ -->\n<title>O firmie Energosteel \u2014 producent stalowych kul miel\u0105cych<\/title>\n<meta name=\"description\" content=\"Poznaj Energosteel \u2014 wiod\u0105cego producenta stalowych kul miel\u0105cych dla m\u0142yn\u00f3w w przemy\u015ble cementowym, g\u00f3rniczym i energetycznym. Wysoka twardo\u015b\u0107 i niezawodne dostawy.\" \/>\n<meta name=\"robots\" content=\"index, follow, max-snippet:-1, max-image-preview:large, max-video-preview:-1\" \/>\n<link rel=\"canonical\" href=\"https:\/\/energosteel.com\/about\/\" \/>\n<meta property=\"og:locale\" content=\"pl_PL\" \/>\n<meta property=\"og:type\" content=\"article\" \/>\n<meta property=\"og:title\" content=\"O firmie Energosteel \u2014 producent stalowych kul miel\u0105cych\" \/>\n<meta property=\"og:description\" content=\"Poznaj Energosteel \u2014 wiod\u0105cego producenta stalowych kul miel\u0105cych dla m\u0142yn\u00f3w w przemy\u015ble cementowym, g\u00f3rniczym i energetycznym. Wysoka twardo\u015b\u0107 i niezawodne dostawy.\" \/>\n<meta property=\"og:url\" content=\"https:\/\/energosteel.com\/about\/\" \/>\n<meta property=\"og:site_name\" content=\"Energosteel. Grinding Media Ball Manufacturer.\" \/>\n<meta property=\"article:modified_time\" content=\"2026-01-18T13:51:58+00:00\" \/>\n<meta name=\"twitter:card\" content=\"summary_large_image\" \/>\n<meta name=\"twitter:image\" content=\"https:\/\/energosteel.com\/wp-content\/uploads\/2025\/07\/\u0433\u043e\u043b\u043e\u0432\u043d\u0430-scaled.jpg\" \/>\n<meta name=\"twitter:label1\" content=\"Szacowany czas czytania\" \/>\n\t<meta name=\"twitter:data1\" content=\"1 minuta\" \/>\n<script type=\"application\/ld+json\" class=\"yoast-schema-graph\">{\"@context\":\"https:\/\/schema.org\",\"@graph\":[{\"@type\":\"WebPage\",\"@id\":\"https:\/\/energosteel.com\/about\/\",\"url\":\"https:\/\/energosteel.com\/about\/\",\"name\":\"O firmie Energosteel \u2014 producent stalowych kul miel\u0105cych\",\"isPartOf\":{\"@id\":\"https:\/\/energosteel.com\/#website\"},\"primaryImageOfPage\":{\"@id\":\"https:\/\/energosteel.com\/about\/#primaryimage\"},\"image\":{\"@id\":\"https:\/\/energosteel.com\/about\/#primaryimage\"},\"thumbnailUrl\":\"https:\/\/energosteel.com\/wp-content\/uploads\/2025\/07\/\u0433\u043e\u043b\u043e\u0432\u043d\u0430-scaled.jpg\",\"datePublished\":\"2025-07-28T11:56:36+00:00\",\"dateModified\":\"2026-01-18T13:51:58+00:00\",\"description\":\"Poznaj Energosteel \u2014 wiod\u0105cego producenta stalowych kul miel\u0105cych dla m\u0142yn\u00f3w w przemy\u015ble cementowym, g\u00f3rniczym i energetycznym. Wysoka twardo\u015b\u0107 i niezawodne dostawy.\",\"breadcrumb\":{\"@id\":\"https:\/\/energosteel.com\/about\/#breadcrumb\"},\"inLanguage\":\"pl-PL\",\"potentialAction\":[{\"@type\":\"ReadAction\",\"target\":[\"https:\/\/energosteel.com\/about\/\"]}]},{\"@type\":\"ImageObject\",\"inLanguage\":\"pl-PL\",\"@id\":\"https:\/\/energosteel.com\/about\/#primaryimage\",\"url\":\"https:\/\/energosteel.com\/wp-content\/uploads\/2025\/07\/\u0433\u043e\u043b\u043e\u0432\u043d\u0430-scaled.jpg\",\"contentUrl\":\"https:\/\/energosteel.com\/wp-content\/uploads\/2025\/07\/\u0433\u043e\u043b\u043e\u0432\u043d\u0430-scaled.jpg\",\"caption\":\"ENERGOSTEEL COMPANY IS ONE OF THE LEADING GRINDING MEDIA PRODUCERS IN EUROPE\"},{\"@type\":\"BreadcrumbList\",\"@id\":\"https:\/\/energosteel.com\/about\/#breadcrumb\",\"itemListElement\":[{\"@type\":\"ListItem\",\"position\":1,\"name\":\"\u0413\u043b\u0430\u0432\u043d\u0430\u044f \u0441\u0442\u0440\u0430\u043d\u0438\u0446\u0430\",\"item\":\"https:\/\/energosteel.com\/\"},{\"@type\":\"ListItem\",\"position\":2,\"name\":\"About PL\"}]},{\"@type\":\"WebSite\",\"@id\":\"https:\/\/energosteel.com\/#website\",\"url\":\"https:\/\/energosteel.com\/\",\"name\":\"Energosteel. Grinding Media Ball Manufacturer.\",\"description\":\"Energosteel. Grinding Media Ball Manufacturer. Steel Grinding Balls.\",\"potentialAction\":[{\"@type\":\"SearchAction\",\"target\":{\"@type\":\"EntryPoint\",\"urlTemplate\":\"https:\/\/energosteel.com\/?s={search_term_string}\"},\"query-input\":{\"@type\":\"PropertyValueSpecification\",\"valueRequired\":true,\"valueName\":\"search_term_string\"}}],\"inLanguage\":\"pl-PL\"}]}<\/script>\n<!-- \/ Yoast SEO plugin. -->","yoast_head_json":{"title":"O firmie Energosteel \u2014 producent stalowych kul miel\u0105cych","description":"Poznaj Energosteel \u2014 wiod\u0105cego producenta stalowych kul miel\u0105cych dla m\u0142yn\u00f3w w przemy\u015ble cementowym, g\u00f3rniczym i energetycznym. Wysoka twardo\u015b\u0107 i niezawodne dostawy.","robots":{"index":"index","follow":"follow","max-snippet":"max-snippet:-1","max-image-preview":"max-image-preview:large","max-video-preview":"max-video-preview:-1"},"canonical":"https:\/\/energosteel.com\/about\/","og_locale":"pl_PL","og_type":"article","og_title":"O firmie Energosteel \u2014 producent stalowych kul miel\u0105cych","og_description":"Poznaj Energosteel \u2014 wiod\u0105cego producenta stalowych kul miel\u0105cych dla m\u0142yn\u00f3w w przemy\u015ble cementowym, g\u00f3rniczym i energetycznym. Wysoka twardo\u015b\u0107 i niezawodne dostawy.","og_url":"https:\/\/energosteel.com\/about\/","og_site_name":"Energosteel. Grinding Media Ball Manufacturer.","article_modified_time":"2026-01-18T13:51:58+00:00","twitter_card":"summary_large_image","twitter_image":"https:\/\/energosteel.com\/wp-content\/uploads\/2025\/07\/\u0433\u043e\u043b\u043e\u0432\u043d\u0430-scaled.jpg","twitter_misc":{"Szacowany czas czytania":"1 minuta"},"schema":{"@context":"https:\/\/schema.org","@graph":[{"@type":"WebPage","@id":"https:\/\/energosteel.com\/about\/","url":"https:\/\/energosteel.com\/about\/","name":"O firmie Energosteel \u2014 producent stalowych kul miel\u0105cych","isPartOf":{"@id":"https:\/\/energosteel.com\/#website"},"primaryImageOfPage":{"@id":"https:\/\/energosteel.com\/about\/#primaryimage"},"image":{"@id":"https:\/\/energosteel.com\/about\/#primaryimage"},"thumbnailUrl":"https:\/\/energosteel.com\/wp-content\/uploads\/2025\/07\/\u0433\u043e\u043b\u043e\u0432\u043d\u0430-scaled.jpg","datePublished":"2025-07-28T11:56:36+00:00","dateModified":"2026-01-18T13:51:58+00:00","description":"Poznaj Energosteel \u2014 wiod\u0105cego producenta stalowych kul miel\u0105cych dla m\u0142yn\u00f3w w przemy\u015ble cementowym, g\u00f3rniczym i energetycznym. Wysoka twardo\u015b\u0107 i niezawodne dostawy.","breadcrumb":{"@id":"https:\/\/energosteel.com\/about\/#breadcrumb"},"inLanguage":"pl-PL","potentialAction":[{"@type":"ReadAction","target":["https:\/\/energosteel.com\/about\/"]}]},{"@type":"ImageObject","inLanguage":"pl-PL","@id":"https:\/\/energosteel.com\/about\/#primaryimage","url":"https:\/\/energosteel.com\/wp-content\/uploads\/2025\/07\/\u0433\u043e\u043b\u043e\u0432\u043d\u0430-scaled.jpg","contentUrl":"https:\/\/energosteel.com\/wp-content\/uploads\/2025\/07\/\u0433\u043e\u043b\u043e\u0432\u043d\u0430-scaled.jpg","caption":"ENERGOSTEEL COMPANY IS ONE OF THE LEADING GRINDING MEDIA PRODUCERS IN EUROPE"},{"@type":"BreadcrumbList","@id":"https:\/\/energosteel.com\/about\/#breadcrumb","itemListElement":[{"@type":"ListItem","position":1,"name":"\u0413\u043b\u0430\u0432\u043d\u0430\u044f \u0441\u0442\u0440\u0430\u043d\u0438\u0446\u0430","item":"https:\/\/energosteel.com\/"},{"@type":"ListItem","position":2,"name":"About PL"}]},{"@type":"WebSite","@id":"https:\/\/energosteel.com\/#website","url":"https:\/\/energosteel.com\/","name":"Energosteel. Grinding Media Ball Manufacturer.","description":"Energosteel. Grinding Media Ball Manufacturer. Steel Grinding Balls.","potentialAction":[{"@type":"SearchAction","target":{"@type":"EntryPoint","urlTemplate":"https:\/\/energosteel.com\/?s={search_term_string}"},"query-input":{"@type":"PropertyValueSpecification","valueRequired":true,"valueName":"search_term_string"}}],"inLanguage":"pl-PL"}]}},"_links":{"self":[{"href":"https:\/\/energosteel.com\/pl\/wp-json\/wp\/v2\/pages\/10062","targetHints":{"allow":["GET"]}}],"collection":[{"href":"https:\/\/energosteel.com\/pl\/wp-json\/wp\/v2\/pages"}],"about":[{"href":"https:\/\/energosteel.com\/pl\/wp-json\/wp\/v2\/types\/page"}],"author":[{"embeddable":true,"href":"https:\/\/energosteel.com\/pl\/wp-json\/wp\/v2\/users\/4"}],"replies":[{"embeddable":true,"href":"https:\/\/energosteel.com\/pl\/wp-json\/wp\/v2\/comments?post=10062"}],"version-history":[{"count":1,"href":"https:\/\/energosteel.com\/pl\/wp-json\/wp\/v2\/pages\/10062\/revisions"}],"predecessor-version":[{"id":11020,"href":"https:\/\/energosteel.com\/pl\/wp-json\/wp\/v2\/pages\/10062\/revisions\/11020"}],"wp:featuredmedia":[{"embeddable":true,"href":"https:\/\/energosteel.com\/pl\/wp-json\/wp\/v2\/media\/9875"}],"wp:attachment":[{"href":"https:\/\/energosteel.com\/pl\/wp-json\/wp\/v2\/media?parent=10062"}],"curies":[{"name":"wp","href":"https:\/\/api.w.org\/{rel}","templated":true}]}}