{"id":10107,"date":"2025-01-30T12:19:45","date_gmt":"2025-01-30T09:19:45","guid":{"rendered":"https:\/\/energosteel.com\/main-2025\/"},"modified":"2026-01-17T15:00:46","modified_gmt":"2026-01-17T12:00:46","slug":"main-2025","status":"publish","type":"page","link":"https:\/\/energosteel.com\/pl\/","title":{"rendered":"MAIN 2025 PL"},"content":{"rendered":"","protected":false},"excerpt":{"rendered":"","protected":false},"author":4,"featured_media":10108,"parent":0,"menu_order":0,"comment_status":"closed","ping_status":"closed","template":"","meta":{"footnotes":""},"class_list":["post-10107","page","type-page","status-publish","has-post-thumbnail","hentry"],"yoast_head":"<!-- This site is optimized with the Yoast SEO plugin v27.1.1 - https:\/\/yoast.com\/product\/yoast-seo-wordpress\/ -->\n<title>Stalowe kule miel\u0105ce od producenta \u2014 Energosteel<\/title>\n<meta name=\"description\" content=\"Energosteel produkuje wysokiej jako\u015bci stalowe kule miel\u0105ce do m\u0142yn\u00f3w w przemy\u015ble cementowym, g\u00f3rniczym i energetycznym. Wysoka twardo\u015b\u0107, trwa\u0142o\u015b\u0107 i niezawodna dostawa.\" \/>\n<meta name=\"robots\" content=\"index, follow, max-snippet:-1, max-image-preview:large, max-video-preview:-1\" \/>\n<link rel=\"canonical\" href=\"https:\/\/energosteel.com\/\" \/>\n<meta property=\"og:locale\" content=\"pl_PL\" \/>\n<meta property=\"og:type\" content=\"article\" \/>\n<meta property=\"og:title\" content=\"Stalowe kule miel\u0105ce od producenta \u2014 Energosteel\" \/>\n<meta property=\"og:description\" content=\"Energosteel produkuje wysokiej jako\u015bci stalowe kule miel\u0105ce do m\u0142yn\u00f3w w przemy\u015ble cementowym, g\u00f3rniczym i energetycznym. Wysoka twardo\u015b\u0107, trwa\u0142o\u015b\u0107 i niezawodna dostawa.\" \/>\n<meta property=\"og:url\" content=\"https:\/\/energosteel.com\/\" \/>\n<meta property=\"og:site_name\" content=\"Energosteel. Grinding Media Ball Manufacturer.\" \/>\n<meta property=\"article:modified_time\" content=\"2026-01-17T12:00:46+00:00\" \/>\n<meta property=\"og:image\" content=\"https:\/\/energosteel.com\/wp-content\/uploads\/2025\/01\/DPP_0004\u0447\u0431-1024x681.jpg\" \/>\n<meta name=\"twitter:card\" content=\"summary_large_image\" \/>\n<meta name=\"twitter:label1\" content=\"Szacowany czas czytania\" \/>\n\t<meta name=\"twitter:data1\" content=\"1 minuta\" \/>\n<script type=\"application\/ld+json\" class=\"yoast-schema-graph\">{\"@context\":\"https:\/\/schema.org\",\"@graph\":[{\"@type\":\"WebPage\",\"@id\":\"https:\/\/energosteel.com\/\",\"url\":\"https:\/\/energosteel.com\/\",\"name\":\"Stalowe kule miel\u0105ce od producenta \u2014 Energosteel\",\"isPartOf\":{\"@id\":\"https:\/\/energosteel.com\/#website\"},\"primaryImageOfPage\":{\"@id\":\"https:\/\/energosteel.com\/#primaryimage\"},\"image\":{\"@id\":\"https:\/\/energosteel.com\/#primaryimage\"},\"thumbnailUrl\":\"https:\/\/energosteel.com\/wp-content\/uploads\/2022\/10\/20221005.png\",\"datePublished\":\"2025-01-30T09:19:45+00:00\",\"dateModified\":\"2026-01-17T12:00:46+00:00\",\"description\":\"Energosteel produkuje wysokiej jako\u015bci stalowe kule miel\u0105ce do m\u0142yn\u00f3w w przemy\u015ble cementowym, g\u00f3rniczym i energetycznym. Wysoka twardo\u015b\u0107, trwa\u0142o\u015b\u0107 i niezawodna dostawa.\",\"breadcrumb\":{\"@id\":\"https:\/\/energosteel.com\/#breadcrumb\"},\"inLanguage\":\"pl-PL\",\"potentialAction\":[{\"@type\":\"ReadAction\",\"target\":[\"https:\/\/energosteel.com\/\"]}]},{\"@type\":\"ImageObject\",\"inLanguage\":\"pl-PL\",\"@id\":\"https:\/\/energosteel.com\/#primaryimage\",\"url\":\"https:\/\/energosteel.com\/wp-content\/uploads\/2022\/10\/20221005.png\",\"contentUrl\":\"https:\/\/energosteel.com\/wp-content\/uploads\/2022\/10\/20221005.png\",\"width\":720,\"height\":720},{\"@type\":\"BreadcrumbList\",\"@id\":\"https:\/\/energosteel.com\/#breadcrumb\",\"itemListElement\":[{\"@type\":\"ListItem\",\"position\":1,\"name\":\"\u0413\u043b\u0430\u0432\u043d\u0430\u044f \u0441\u0442\u0440\u0430\u043d\u0438\u0446\u0430\",\"item\":\"https:\/\/energosteel.com\/\"},{\"@type\":\"ListItem\",\"position\":2,\"name\":\"MAIN 2025 PL\"}]},{\"@type\":\"WebSite\",\"@id\":\"https:\/\/energosteel.com\/#website\",\"url\":\"https:\/\/energosteel.com\/\",\"name\":\"Energosteel. Grinding Media Ball Manufacturer.\",\"description\":\"Energosteel. Grinding Media Ball Manufacturer. Steel Grinding Balls.\",\"potentialAction\":[{\"@type\":\"SearchAction\",\"target\":{\"@type\":\"EntryPoint\",\"urlTemplate\":\"https:\/\/energosteel.com\/?s={search_term_string}\"},\"query-input\":{\"@type\":\"PropertyValueSpecification\",\"valueRequired\":true,\"valueName\":\"search_term_string\"}}],\"inLanguage\":\"pl-PL\"}]}<\/script>\n<!-- \/ Yoast SEO plugin. -->","yoast_head_json":{"title":"Stalowe kule miel\u0105ce od producenta \u2014 Energosteel","description":"Energosteel produkuje wysokiej jako\u015bci stalowe kule miel\u0105ce do m\u0142yn\u00f3w w przemy\u015ble cementowym, g\u00f3rniczym i energetycznym. Wysoka twardo\u015b\u0107, trwa\u0142o\u015b\u0107 i niezawodna dostawa.","robots":{"index":"index","follow":"follow","max-snippet":"max-snippet:-1","max-image-preview":"max-image-preview:large","max-video-preview":"max-video-preview:-1"},"canonical":"https:\/\/energosteel.com\/","og_locale":"pl_PL","og_type":"article","og_title":"Stalowe kule miel\u0105ce od producenta \u2014 Energosteel","og_description":"Energosteel produkuje wysokiej jako\u015bci stalowe kule miel\u0105ce do m\u0142yn\u00f3w w przemy\u015ble cementowym, g\u00f3rniczym i energetycznym. Wysoka twardo\u015b\u0107, trwa\u0142o\u015b\u0107 i niezawodna dostawa.","og_url":"https:\/\/energosteel.com\/","og_site_name":"Energosteel. Grinding Media Ball Manufacturer.","article_modified_time":"2026-01-17T12:00:46+00:00","og_image":[{"url":"https:\/\/energosteel.com\/wp-content\/uploads\/2025\/01\/DPP_0004\u0447\u0431-1024x681.jpg","type":"","width":"","height":""}],"twitter_card":"summary_large_image","twitter_misc":{"Szacowany czas czytania":"1 minuta"},"schema":{"@context":"https:\/\/schema.org","@graph":[{"@type":"WebPage","@id":"https:\/\/energosteel.com\/","url":"https:\/\/energosteel.com\/","name":"Stalowe kule miel\u0105ce od producenta \u2014 Energosteel","isPartOf":{"@id":"https:\/\/energosteel.com\/#website"},"primaryImageOfPage":{"@id":"https:\/\/energosteel.com\/#primaryimage"},"image":{"@id":"https:\/\/energosteel.com\/#primaryimage"},"thumbnailUrl":"https:\/\/energosteel.com\/wp-content\/uploads\/2022\/10\/20221005.png","datePublished":"2025-01-30T09:19:45+00:00","dateModified":"2026-01-17T12:00:46+00:00","description":"Energosteel produkuje wysokiej jako\u015bci stalowe kule miel\u0105ce do m\u0142yn\u00f3w w przemy\u015ble cementowym, g\u00f3rniczym i energetycznym. Wysoka twardo\u015b\u0107, trwa\u0142o\u015b\u0107 i niezawodna dostawa.","breadcrumb":{"@id":"https:\/\/energosteel.com\/#breadcrumb"},"inLanguage":"pl-PL","potentialAction":[{"@type":"ReadAction","target":["https:\/\/energosteel.com\/"]}]},{"@type":"ImageObject","inLanguage":"pl-PL","@id":"https:\/\/energosteel.com\/#primaryimage","url":"https:\/\/energosteel.com\/wp-content\/uploads\/2022\/10\/20221005.png","contentUrl":"https:\/\/energosteel.com\/wp-content\/uploads\/2022\/10\/20221005.png","width":720,"height":720},{"@type":"BreadcrumbList","@id":"https:\/\/energosteel.com\/#breadcrumb","itemListElement":[{"@type":"ListItem","position":1,"name":"\u0413\u043b\u0430\u0432\u043d\u0430\u044f \u0441\u0442\u0440\u0430\u043d\u0438\u0446\u0430","item":"https:\/\/energosteel.com\/"},{"@type":"ListItem","position":2,"name":"MAIN 2025 PL"}]},{"@type":"WebSite","@id":"https:\/\/energosteel.com\/#website","url":"https:\/\/energosteel.com\/","name":"Energosteel. Grinding Media Ball Manufacturer.","description":"Energosteel. Grinding Media Ball Manufacturer. Steel Grinding Balls.","potentialAction":[{"@type":"SearchAction","target":{"@type":"EntryPoint","urlTemplate":"https:\/\/energosteel.com\/?s={search_term_string}"},"query-input":{"@type":"PropertyValueSpecification","valueRequired":true,"valueName":"search_term_string"}}],"inLanguage":"pl-PL"}]}},"_links":{"self":[{"href":"https:\/\/energosteel.com\/pl\/wp-json\/wp\/v2\/pages\/10107","targetHints":{"allow":["GET"]}}],"collection":[{"href":"https:\/\/energosteel.com\/pl\/wp-json\/wp\/v2\/pages"}],"about":[{"href":"https:\/\/energosteel.com\/pl\/wp-json\/wp\/v2\/types\/page"}],"author":[{"embeddable":true,"href":"https:\/\/energosteel.com\/pl\/wp-json\/wp\/v2\/users\/4"}],"replies":[{"embeddable":true,"href":"https:\/\/energosteel.com\/pl\/wp-json\/wp\/v2\/comments?post=10107"}],"version-history":[{"count":1,"href":"https:\/\/energosteel.com\/pl\/wp-json\/wp\/v2\/pages\/10107\/revisions"}],"predecessor-version":[{"id":11237,"href":"https:\/\/energosteel.com\/pl\/wp-json\/wp\/v2\/pages\/10107\/revisions\/11237"}],"wp:featuredmedia":[{"embeddable":true,"href":"https:\/\/energosteel.com\/pl\/wp-json\/wp\/v2\/media\/10108"}],"wp:attachment":[{"href":"https:\/\/energosteel.com\/pl\/wp-json\/wp\/v2\/media?parent=10107"}],"curies":[{"name":"wp","href":"https:\/\/api.w.org\/{rel}","templated":true}]}}