{"id":10133,"date":"2015-03-30T18:20:22","date_gmt":"2015-03-30T15:20:22","guid":{"rendered":"https:\/\/energosteel.com\/news-2\/"},"modified":"2026-01-17T14:33:32","modified_gmt":"2026-01-17T11:33:32","slug":"news","status":"publish","type":"page","link":"https:\/\/energosteel.com\/pl\/news\/","title":{"rendered":"News PL"},"content":{"rendered":"<div class='gt3_row-fluid'><div style='padding-bottom:1px;' class='gt3_col12 first-module module_number_1 module_cont  module_feature_posts'>\r\n        <div class=\"featured_items\">\r\n            <div class=\"items3 featured_posts\" data-count=\"3\">\r\n                <div class=\"item_list\">\r\n        \r\n                    <div class=\"featured-item\">\r\n                        <div class=\"item\">\r\n                            <div class=\"\"><a href=\"https:\/\/energosteel.com\/pl\/energosteel-simplifies-imports-to-the-eu-through-its-own-importing-company\/\"><img decoding=\"async\" src=\"https:\/\/energosteel.com\/wp-content\/uploads\/2026\/04\/stattya3-570x400.jpg\" \/><\/a><\/div>\r\n                            <div class=\"featured_items_body featured_posts_body\">\r\n                                <div class=\"featured_items_title\">\r\n                                    <a class=\"featured_title\" href=\"https:\/\/energosteel.com\/pl\/energosteel-simplifies-imports-to-the-eu-through-its-own-importing-company\/\">Energosteel upraszcza import do UE poprzez w\u0142asn\u0105 sp\u00f3\u0142k\u0119 importow\u0105<\/a>\r\n\t\t\t\t\t\t\t\t\t<div class=\"featured_items_meta\">\r\n\t\t\t\t\t\t\t\t\t\t<span class=\"preview_meta_data\">14 kwietnia, 2026<\/span>\r\n\t\t\t\t\t\t\t\t\t\t<span class=\"preview_meta_comments\"><a href=\"https:\/\/energosteel.com\/pl\/energosteel-simplifies-imports-to-the-eu-through-its-own-importing-company\/#respond\">Comments: 0<\/a><\/span>\r\n\t\t\t\t\t\t\t\t\t<\/div>\r\n                                <\/div>\r\n                                <div class=\"carousel_desc\">\r\n                                    <div class=\"exc\">\r\n                                        \r\n                                    <a href=\"https:\/\/energosteel.com\/pl\/energosteel-simplifies-imports-to-the-eu-through-its-own-importing-company\/\">Read more!<\/a>\r\n                                    <\/div>\r\n                                <\/div>\r\n                            <\/div>\r\n                        <\/div>\r\n                    <\/div><!-- .featured-item -->\r\n                    \r\n                    <div class=\"featured-item\">\r\n                        <div class=\"item\">\r\n                            <div class=\"\"><a href=\"https:\/\/energosteel.com\/pl\/energosteel-regularly-exports-steel-balls-to-the-eu-in-compliance-with-cbam-requirements\/\"><img decoding=\"async\" src=\"https:\/\/energosteel.com\/wp-content\/uploads\/2026\/04\/stattya_2-570x400.jpg\" \/><\/a><\/div>\r\n                            <div class=\"featured_items_body featured_posts_body\">\r\n                                <div class=\"featured_items_title\">\r\n                                    <a class=\"featured_title\" href=\"https:\/\/energosteel.com\/pl\/energosteel-regularly-exports-steel-balls-to-the-eu-in-compliance-with-cbam-requirements\/\">Energosteel eksportuje kule miel\u0105ce do UE zgodnie z CBAM<\/a>\r\n\t\t\t\t\t\t\t\t\t<div class=\"featured_items_meta\">\r\n\t\t\t\t\t\t\t\t\t\t<span class=\"preview_meta_data\">06 kwietnia, 2026<\/span>\r\n\t\t\t\t\t\t\t\t\t\t<span class=\"preview_meta_comments\"><a href=\"https:\/\/energosteel.com\/pl\/energosteel-regularly-exports-steel-balls-to-the-eu-in-compliance-with-cbam-requirements\/#respond\">Comments: 0<\/a><\/span>\r\n\t\t\t\t\t\t\t\t\t<\/div>\r\n                                <\/div>\r\n                                <div class=\"carousel_desc\">\r\n                                    <div class=\"exc\">\r\n                                        \r\n                                    <a href=\"https:\/\/energosteel.com\/pl\/energosteel-regularly-exports-steel-balls-to-the-eu-in-compliance-with-cbam-requirements\/\">Read more!<\/a>\r\n                                    <\/div>\r\n                                <\/div>\r\n                            <\/div>\r\n                        <\/div>\r\n                    <\/div><!-- .featured-item -->\r\n                    \r\n                    <div class=\"featured-item\">\r\n                        <div class=\"item\">\r\n                            <div class=\"\"><a href=\"https:\/\/energosteel.com\/pl\/energosteel-increased-steel-grinding-balls-exports-by-79\/\"><img decoding=\"async\" src=\"https:\/\/energosteel.com\/wp-content\/uploads\/2026\/03\/stattya_1-570x400.jpg\" \/><\/a><\/div>\r\n                            <div class=\"featured_items_body featured_posts_body\">\r\n                                <div class=\"featured_items_title\">\r\n                                    <a class=\"featured_title\" href=\"https:\/\/energosteel.com\/pl\/energosteel-increased-steel-grinding-balls-exports-by-79\/\">Energosteel zwi\u0119kszy\u0142 eksport kul miel\u0105cych o 79% w 2025 roku<\/a>\r\n\t\t\t\t\t\t\t\t\t<div class=\"featured_items_meta\">\r\n\t\t\t\t\t\t\t\t\t\t<span class=\"preview_meta_data\">30 marca, 2026<\/span>\r\n\t\t\t\t\t\t\t\t\t\t<span class=\"preview_meta_comments\"><a href=\"https:\/\/energosteel.com\/pl\/energosteel-increased-steel-grinding-balls-exports-by-79\/#respond\">Comments: 0<\/a><\/span>\r\n\t\t\t\t\t\t\t\t\t<\/div>\r\n                                <\/div>\r\n                                <div class=\"carousel_desc\">\r\n                                    <div class=\"exc\">\r\n                                        \r\n                                    <a href=\"https:\/\/energosteel.com\/pl\/energosteel-increased-steel-grinding-balls-exports-by-79\/\">Read more!<\/a>\r\n                                    <\/div>\r\n                                <\/div>\r\n                            <\/div>\r\n                        <\/div>\r\n                    <\/div><!-- .featured-item -->\r\n                    \r\n                <\/div>\r\n                <div class=\"clear\"><\/div>\r\n            <\/div>\r\n        <\/div>\r\n        <\/div><!-- .module_cont --><\/div><div class='gt3_row-fluid'><div style='padding-bottom:2px;' class='gt3_col12  module_number_2 module_cont  module_text_area'>\n                <div class='module_content'>\n                    <p style=\"text-align: center;\">&nbsp;<\/p>\r\n<ul class=\"pagerblock\" style=\"text-align: center;\">\r\n<li><a class=\"current\" href=\"\/en\/news\/\">1<\/a><\/li>\r\n<li><a href=\"\/en\/news\/p2\/\">2<\/a><\/li>\r\n<li><a href=\"\/en\/news\/p3\/\">3<\/a><\/li>\r\n<li><a href=\"\/en\/news\/arhive\/\">Arhive<\/a><\/li>\r\n<\/ul>\n                <\/div><\/div><!-- .module_cont --><\/div>","protected":false},"excerpt":{"rendered":"","protected":false},"author":4,"featured_media":9966,"parent":0,"menu_order":0,"comment_status":"open","ping_status":"open","template":"","meta":{"footnotes":""},"class_list":["post-10133","page","type-page","status-publish","has-post-thumbnail","hentry"],"yoast_head":"<!-- This site is optimized with the Yoast SEO plugin v27.1.1 - https:\/\/yoast.com\/product\/yoast-seo-wordpress\/ -->\n<title>Aktualno\u015bci Energosteel \u2014 produkcja stalowych kul miel\u0105cych<\/title>\n<meta name=\"description\" content=\"Najnowsze aktualno\u015bci firmy Energosteel: produkcja stalowych kul miel\u0105cych, rozw\u00f3j technologii, udzia\u0142 w targach, aktualizacje produkt\u00f3w oraz dzia\u0142alno\u015b\u0107 na rynkach \u015bwiatowych.\" \/>\n<meta name=\"robots\" content=\"index, follow, max-snippet:-1, max-image-preview:large, max-video-preview:-1\" \/>\n<link rel=\"canonical\" href=\"https:\/\/energosteel.com\/news\/\" \/>\n<meta property=\"og:locale\" content=\"pl_PL\" \/>\n<meta property=\"og:type\" content=\"article\" \/>\n<meta property=\"og:title\" content=\"Aktualno\u015bci Energosteel \u2014 produkcja stalowych kul miel\u0105cych\" \/>\n<meta property=\"og:description\" content=\"Najnowsze aktualno\u015bci firmy Energosteel: produkcja stalowych kul miel\u0105cych, rozw\u00f3j technologii, udzia\u0142 w targach, aktualizacje produkt\u00f3w oraz dzia\u0142alno\u015b\u0107 na rynkach \u015bwiatowych.\" \/>\n<meta property=\"og:url\" content=\"https:\/\/energosteel.com\/news\/\" \/>\n<meta property=\"og:site_name\" content=\"Energosteel. Grinding Media Ball Manufacturer.\" \/>\n<meta property=\"article:modified_time\" content=\"2026-01-17T11:33:32+00:00\" \/>\n<meta property=\"og:image\" content=\"https:\/\/energosteel.com\/wp-content\/uploads\/2025\/08\/products-1-2.jpg\" \/>\n\t<meta property=\"og:image:width\" content=\"627\" \/>\n\t<meta property=\"og:image:height\" content=\"412\" \/>\n\t<meta property=\"og:image:type\" content=\"image\/jpeg\" \/>\n<meta name=\"twitter:card\" content=\"summary_large_image\" \/>\n<meta name=\"twitter:label1\" content=\"Szacowany czas czytania\" \/>\n\t<meta name=\"twitter:data1\" content=\"1 minuta\" \/>\n<script type=\"application\/ld+json\" class=\"yoast-schema-graph\">{\"@context\":\"https:\/\/schema.org\",\"@graph\":[{\"@type\":\"WebPage\",\"@id\":\"https:\/\/energosteel.com\/news\/\",\"url\":\"https:\/\/energosteel.com\/news\/\",\"name\":\"Aktualno\u015bci Energosteel \u2014 produkcja stalowych kul miel\u0105cych\",\"isPartOf\":{\"@id\":\"https:\/\/energosteel.com\/#website\"},\"primaryImageOfPage\":{\"@id\":\"https:\/\/energosteel.com\/news\/#primaryimage\"},\"image\":{\"@id\":\"https:\/\/energosteel.com\/news\/#primaryimage\"},\"thumbnailUrl\":\"https:\/\/energosteel.com\/wp-content\/uploads\/2025\/08\/products-1-2.jpg\",\"datePublished\":\"2015-03-30T15:20:22+00:00\",\"dateModified\":\"2026-01-17T11:33:32+00:00\",\"description\":\"Najnowsze aktualno\u015bci firmy Energosteel: produkcja stalowych kul miel\u0105cych, rozw\u00f3j technologii, udzia\u0142 w targach, aktualizacje produkt\u00f3w oraz dzia\u0142alno\u015b\u0107 na rynkach \u015bwiatowych.\",\"breadcrumb\":{\"@id\":\"https:\/\/energosteel.com\/news\/#breadcrumb\"},\"inLanguage\":\"pl-PL\",\"potentialAction\":[{\"@type\":\"ReadAction\",\"target\":[\"https:\/\/energosteel.com\/news\/\"]}]},{\"@type\":\"ImageObject\",\"inLanguage\":\"pl-PL\",\"@id\":\"https:\/\/energosteel.com\/news\/#primaryimage\",\"url\":\"https:\/\/energosteel.com\/wp-content\/uploads\/2025\/08\/products-1-2.jpg\",\"contentUrl\":\"https:\/\/energosteel.com\/wp-content\/uploads\/2025\/08\/products-1-2.jpg\",\"width\":627,\"height\":412},{\"@type\":\"BreadcrumbList\",\"@id\":\"https:\/\/energosteel.com\/news\/#breadcrumb\",\"itemListElement\":[{\"@type\":\"ListItem\",\"position\":1,\"name\":\"\u0413\u043b\u0430\u0432\u043d\u0430\u044f \u0441\u0442\u0440\u0430\u043d\u0438\u0446\u0430\",\"item\":\"https:\/\/energosteel.com\/\"},{\"@type\":\"ListItem\",\"position\":2,\"name\":\"News PL\"}]},{\"@type\":\"WebSite\",\"@id\":\"https:\/\/energosteel.com\/#website\",\"url\":\"https:\/\/energosteel.com\/\",\"name\":\"Energosteel. Grinding Media Ball Manufacturer.\",\"description\":\"Energosteel. Grinding Media Ball Manufacturer. Steel Grinding Balls.\",\"potentialAction\":[{\"@type\":\"SearchAction\",\"target\":{\"@type\":\"EntryPoint\",\"urlTemplate\":\"https:\/\/energosteel.com\/?s={search_term_string}\"},\"query-input\":{\"@type\":\"PropertyValueSpecification\",\"valueRequired\":true,\"valueName\":\"search_term_string\"}}],\"inLanguage\":\"pl-PL\"}]}<\/script>\n<!-- \/ Yoast SEO plugin. -->","yoast_head_json":{"title":"Aktualno\u015bci Energosteel \u2014 produkcja stalowych kul miel\u0105cych","description":"Najnowsze aktualno\u015bci firmy Energosteel: produkcja stalowych kul miel\u0105cych, rozw\u00f3j technologii, udzia\u0142 w targach, aktualizacje produkt\u00f3w oraz dzia\u0142alno\u015b\u0107 na rynkach \u015bwiatowych.","robots":{"index":"index","follow":"follow","max-snippet":"max-snippet:-1","max-image-preview":"max-image-preview:large","max-video-preview":"max-video-preview:-1"},"canonical":"https:\/\/energosteel.com\/news\/","og_locale":"pl_PL","og_type":"article","og_title":"Aktualno\u015bci Energosteel \u2014 produkcja stalowych kul miel\u0105cych","og_description":"Najnowsze aktualno\u015bci firmy Energosteel: produkcja stalowych kul miel\u0105cych, rozw\u00f3j technologii, udzia\u0142 w targach, aktualizacje produkt\u00f3w oraz dzia\u0142alno\u015b\u0107 na rynkach \u015bwiatowych.","og_url":"https:\/\/energosteel.com\/news\/","og_site_name":"Energosteel. Grinding Media Ball Manufacturer.","article_modified_time":"2026-01-17T11:33:32+00:00","og_image":[{"width":627,"height":412,"url":"https:\/\/energosteel.com\/wp-content\/uploads\/2025\/08\/products-1-2.jpg","type":"image\/jpeg"}],"twitter_card":"summary_large_image","twitter_misc":{"Szacowany czas czytania":"1 minuta"},"schema":{"@context":"https:\/\/schema.org","@graph":[{"@type":"WebPage","@id":"https:\/\/energosteel.com\/news\/","url":"https:\/\/energosteel.com\/news\/","name":"Aktualno\u015bci Energosteel \u2014 produkcja stalowych kul miel\u0105cych","isPartOf":{"@id":"https:\/\/energosteel.com\/#website"},"primaryImageOfPage":{"@id":"https:\/\/energosteel.com\/news\/#primaryimage"},"image":{"@id":"https:\/\/energosteel.com\/news\/#primaryimage"},"thumbnailUrl":"https:\/\/energosteel.com\/wp-content\/uploads\/2025\/08\/products-1-2.jpg","datePublished":"2015-03-30T15:20:22+00:00","dateModified":"2026-01-17T11:33:32+00:00","description":"Najnowsze aktualno\u015bci firmy Energosteel: produkcja stalowych kul miel\u0105cych, rozw\u00f3j technologii, udzia\u0142 w targach, aktualizacje produkt\u00f3w oraz dzia\u0142alno\u015b\u0107 na rynkach \u015bwiatowych.","breadcrumb":{"@id":"https:\/\/energosteel.com\/news\/#breadcrumb"},"inLanguage":"pl-PL","potentialAction":[{"@type":"ReadAction","target":["https:\/\/energosteel.com\/news\/"]}]},{"@type":"ImageObject","inLanguage":"pl-PL","@id":"https:\/\/energosteel.com\/news\/#primaryimage","url":"https:\/\/energosteel.com\/wp-content\/uploads\/2025\/08\/products-1-2.jpg","contentUrl":"https:\/\/energosteel.com\/wp-content\/uploads\/2025\/08\/products-1-2.jpg","width":627,"height":412},{"@type":"BreadcrumbList","@id":"https:\/\/energosteel.com\/news\/#breadcrumb","itemListElement":[{"@type":"ListItem","position":1,"name":"\u0413\u043b\u0430\u0432\u043d\u0430\u044f \u0441\u0442\u0440\u0430\u043d\u0438\u0446\u0430","item":"https:\/\/energosteel.com\/"},{"@type":"ListItem","position":2,"name":"News PL"}]},{"@type":"WebSite","@id":"https:\/\/energosteel.com\/#website","url":"https:\/\/energosteel.com\/","name":"Energosteel. Grinding Media Ball Manufacturer.","description":"Energosteel. Grinding Media Ball Manufacturer. Steel Grinding Balls.","potentialAction":[{"@type":"SearchAction","target":{"@type":"EntryPoint","urlTemplate":"https:\/\/energosteel.com\/?s={search_term_string}"},"query-input":{"@type":"PropertyValueSpecification","valueRequired":true,"valueName":"search_term_string"}}],"inLanguage":"pl-PL"}]}},"_links":{"self":[{"href":"https:\/\/energosteel.com\/pl\/wp-json\/wp\/v2\/pages\/10133","targetHints":{"allow":["GET"]}}],"collection":[{"href":"https:\/\/energosteel.com\/pl\/wp-json\/wp\/v2\/pages"}],"about":[{"href":"https:\/\/energosteel.com\/pl\/wp-json\/wp\/v2\/types\/page"}],"author":[{"embeddable":true,"href":"https:\/\/energosteel.com\/pl\/wp-json\/wp\/v2\/users\/4"}],"replies":[{"embeddable":true,"href":"https:\/\/energosteel.com\/pl\/wp-json\/wp\/v2\/comments?post=10133"}],"version-history":[{"count":1,"href":"https:\/\/energosteel.com\/pl\/wp-json\/wp\/v2\/pages\/10133\/revisions"}],"predecessor-version":[{"id":10624,"href":"https:\/\/energosteel.com\/pl\/wp-json\/wp\/v2\/pages\/10133\/revisions\/10624"}],"wp:featuredmedia":[{"embeddable":true,"href":"https:\/\/energosteel.com\/pl\/wp-json\/wp\/v2\/media\/9966"}],"wp:attachment":[{"href":"https:\/\/energosteel.com\/pl\/wp-json\/wp\/v2\/media?parent=10133"}],"curies":[{"name":"wp","href":"https:\/\/api.w.org\/{rel}","templated":true}]}}