{"id":10182,"date":"2015-05-07T18:59:01","date_gmt":"2015-05-07T15:59:01","guid":{"rendered":"https:\/\/energosteel.com\/support\/"},"modified":"2026-01-20T14:40:23","modified_gmt":"2026-01-20T11:40:23","slug":"support","status":"publish","type":"page","link":"https:\/\/energosteel.com\/pl\/support\/","title":{"rendered":"Technical Support PL"},"content":{"rendered":"","protected":false},"excerpt":{"rendered":"","protected":false},"author":4,"featured_media":9992,"parent":0,"menu_order":0,"comment_status":"open","ping_status":"open","template":"","meta":{"footnotes":""},"class_list":["post-10182","page","type-page","status-publish","has-post-thumbnail","hentry"],"yoast_head":"<!-- This site is optimized with the Yoast SEO plugin v27.1.1 - https:\/\/yoast.com\/product\/yoast-seo-wordpress\/ -->\n<title>Wsparcie techniczne \u2014 konsultacje dotycz\u0105ce stalowych kul miel\u0105cych | Energosteel<\/title>\n<meta name=\"description\" content=\"Energosteel oferuje wsparcie techniczne w doborze stalowych kul miel\u0105cych, optymalizacji procesu mielenia, redukcji zu\u017cycia oraz obliczeniach dla zwi\u0119kszenia wydajno\u015bci m\u0142yn\u00f3w.\" \/>\n<meta name=\"robots\" content=\"index, follow, max-snippet:-1, max-image-preview:large, max-video-preview:-1\" \/>\n<link rel=\"canonical\" href=\"https:\/\/energosteel.com\/pl\/support\/\" \/>\n<meta property=\"og:locale\" content=\"pl_PL\" \/>\n<meta property=\"og:type\" content=\"article\" \/>\n<meta property=\"og:title\" content=\"Wsparcie techniczne \u2014 konsultacje dotycz\u0105ce stalowych kul miel\u0105cych | Energosteel\" \/>\n<meta property=\"og:description\" content=\"Energosteel oferuje wsparcie techniczne w doborze stalowych kul miel\u0105cych, optymalizacji procesu mielenia, redukcji zu\u017cycia oraz obliczeniach dla zwi\u0119kszenia wydajno\u015bci m\u0142yn\u00f3w.\" \/>\n<meta property=\"og:url\" content=\"https:\/\/energosteel.com\/pl\/support\/\" \/>\n<meta property=\"og:site_name\" content=\"Energosteel. Grinding Media Ball Manufacturer.\" \/>\n<meta property=\"article:modified_time\" content=\"2026-01-20T11:40:23+00:00\" \/>\n<meta property=\"og:image\" content=\"https:\/\/energosteel.com\/wp-content\/uploads\/2025\/08\/slider-support.jpg\" \/>\n\t<meta property=\"og:image:width\" content=\"1920\" \/>\n\t<meta property=\"og:image:height\" content=\"1080\" \/>\n\t<meta property=\"og:image:type\" content=\"image\/jpeg\" \/>\n<meta name=\"twitter:card\" content=\"summary_large_image\" \/>\n<meta name=\"twitter:label1\" content=\"Szacowany czas czytania\" \/>\n\t<meta name=\"twitter:data1\" content=\"1 minuta\" \/>\n<script type=\"application\/ld+json\" class=\"yoast-schema-graph\">{\"@context\":\"https:\/\/schema.org\",\"@graph\":[{\"@type\":\"WebPage\",\"@id\":\"https:\/\/energosteel.com\/pl\/support\/\",\"url\":\"https:\/\/energosteel.com\/pl\/support\/\",\"name\":\"Wsparcie techniczne \u2014 konsultacje dotycz\u0105ce stalowych kul miel\u0105cych | Energosteel\",\"isPartOf\":{\"@id\":\"https:\/\/energosteel.com\/#website\"},\"primaryImageOfPage\":{\"@id\":\"https:\/\/energosteel.com\/pl\/support\/#primaryimage\"},\"image\":{\"@id\":\"https:\/\/energosteel.com\/pl\/support\/#primaryimage\"},\"thumbnailUrl\":\"https:\/\/energosteel.com\/wp-content\/uploads\/2025\/08\/slider-support.jpg\",\"datePublished\":\"2015-05-07T15:59:01+00:00\",\"dateModified\":\"2026-01-20T11:40:23+00:00\",\"description\":\"Energosteel oferuje wsparcie techniczne w doborze stalowych kul miel\u0105cych, optymalizacji procesu mielenia, redukcji zu\u017cycia oraz obliczeniach dla zwi\u0119kszenia wydajno\u015bci m\u0142yn\u00f3w.\",\"breadcrumb\":{\"@id\":\"https:\/\/energosteel.com\/pl\/support\/#breadcrumb\"},\"inLanguage\":\"pl-PL\",\"potentialAction\":[{\"@type\":\"ReadAction\",\"target\":[\"https:\/\/energosteel.com\/pl\/support\/\"]}]},{\"@type\":\"ImageObject\",\"inLanguage\":\"pl-PL\",\"@id\":\"https:\/\/energosteel.com\/pl\/support\/#primaryimage\",\"url\":\"https:\/\/energosteel.com\/wp-content\/uploads\/2025\/08\/slider-support.jpg\",\"contentUrl\":\"https:\/\/energosteel.com\/wp-content\/uploads\/2025\/08\/slider-support.jpg\",\"width\":1920,\"height\":1080},{\"@type\":\"BreadcrumbList\",\"@id\":\"https:\/\/energosteel.com\/pl\/support\/#breadcrumb\",\"itemListElement\":[{\"@type\":\"ListItem\",\"position\":1,\"name\":\"\u0413\u043b\u0430\u0432\u043d\u0430\u044f \u0441\u0442\u0440\u0430\u043d\u0438\u0446\u0430\",\"item\":\"https:\/\/energosteel.com\/\"},{\"@type\":\"ListItem\",\"position\":2,\"name\":\"Technical Support PL\"}]},{\"@type\":\"WebSite\",\"@id\":\"https:\/\/energosteel.com\/#website\",\"url\":\"https:\/\/energosteel.com\/\",\"name\":\"Energosteel. Grinding Media Ball Manufacturer.\",\"description\":\"Energosteel. Grinding Media Ball Manufacturer. Steel Grinding Balls.\",\"potentialAction\":[{\"@type\":\"SearchAction\",\"target\":{\"@type\":\"EntryPoint\",\"urlTemplate\":\"https:\/\/energosteel.com\/?s={search_term_string}\"},\"query-input\":{\"@type\":\"PropertyValueSpecification\",\"valueRequired\":true,\"valueName\":\"search_term_string\"}}],\"inLanguage\":\"pl-PL\"}]}<\/script>\n<!-- \/ Yoast SEO plugin. -->","yoast_head_json":{"title":"Wsparcie techniczne \u2014 konsultacje dotycz\u0105ce stalowych kul miel\u0105cych | Energosteel","description":"Energosteel oferuje wsparcie techniczne w doborze stalowych kul miel\u0105cych, optymalizacji procesu mielenia, redukcji zu\u017cycia oraz obliczeniach dla zwi\u0119kszenia wydajno\u015bci m\u0142yn\u00f3w.","robots":{"index":"index","follow":"follow","max-snippet":"max-snippet:-1","max-image-preview":"max-image-preview:large","max-video-preview":"max-video-preview:-1"},"canonical":"https:\/\/energosteel.com\/pl\/support\/","og_locale":"pl_PL","og_type":"article","og_title":"Wsparcie techniczne \u2014 konsultacje dotycz\u0105ce stalowych kul miel\u0105cych | Energosteel","og_description":"Energosteel oferuje wsparcie techniczne w doborze stalowych kul miel\u0105cych, optymalizacji procesu mielenia, redukcji zu\u017cycia oraz obliczeniach dla zwi\u0119kszenia wydajno\u015bci m\u0142yn\u00f3w.","og_url":"https:\/\/energosteel.com\/pl\/support\/","og_site_name":"Energosteel. Grinding Media Ball Manufacturer.","article_modified_time":"2026-01-20T11:40:23+00:00","og_image":[{"width":1920,"height":1080,"url":"https:\/\/energosteel.com\/wp-content\/uploads\/2025\/08\/slider-support.jpg","type":"image\/jpeg"}],"twitter_card":"summary_large_image","twitter_misc":{"Szacowany czas czytania":"1 minuta"},"schema":{"@context":"https:\/\/schema.org","@graph":[{"@type":"WebPage","@id":"https:\/\/energosteel.com\/pl\/support\/","url":"https:\/\/energosteel.com\/pl\/support\/","name":"Wsparcie techniczne \u2014 konsultacje dotycz\u0105ce stalowych kul miel\u0105cych | Energosteel","isPartOf":{"@id":"https:\/\/energosteel.com\/#website"},"primaryImageOfPage":{"@id":"https:\/\/energosteel.com\/pl\/support\/#primaryimage"},"image":{"@id":"https:\/\/energosteel.com\/pl\/support\/#primaryimage"},"thumbnailUrl":"https:\/\/energosteel.com\/wp-content\/uploads\/2025\/08\/slider-support.jpg","datePublished":"2015-05-07T15:59:01+00:00","dateModified":"2026-01-20T11:40:23+00:00","description":"Energosteel oferuje wsparcie techniczne w doborze stalowych kul miel\u0105cych, optymalizacji procesu mielenia, redukcji zu\u017cycia oraz obliczeniach dla zwi\u0119kszenia wydajno\u015bci m\u0142yn\u00f3w.","breadcrumb":{"@id":"https:\/\/energosteel.com\/pl\/support\/#breadcrumb"},"inLanguage":"pl-PL","potentialAction":[{"@type":"ReadAction","target":["https:\/\/energosteel.com\/pl\/support\/"]}]},{"@type":"ImageObject","inLanguage":"pl-PL","@id":"https:\/\/energosteel.com\/pl\/support\/#primaryimage","url":"https:\/\/energosteel.com\/wp-content\/uploads\/2025\/08\/slider-support.jpg","contentUrl":"https:\/\/energosteel.com\/wp-content\/uploads\/2025\/08\/slider-support.jpg","width":1920,"height":1080},{"@type":"BreadcrumbList","@id":"https:\/\/energosteel.com\/pl\/support\/#breadcrumb","itemListElement":[{"@type":"ListItem","position":1,"name":"\u0413\u043b\u0430\u0432\u043d\u0430\u044f \u0441\u0442\u0440\u0430\u043d\u0438\u0446\u0430","item":"https:\/\/energosteel.com\/"},{"@type":"ListItem","position":2,"name":"Technical Support PL"}]},{"@type":"WebSite","@id":"https:\/\/energosteel.com\/#website","url":"https:\/\/energosteel.com\/","name":"Energosteel. Grinding Media Ball Manufacturer.","description":"Energosteel. Grinding Media Ball Manufacturer. Steel Grinding Balls.","potentialAction":[{"@type":"SearchAction","target":{"@type":"EntryPoint","urlTemplate":"https:\/\/energosteel.com\/?s={search_term_string}"},"query-input":{"@type":"PropertyValueSpecification","valueRequired":true,"valueName":"search_term_string"}}],"inLanguage":"pl-PL"}]}},"_links":{"self":[{"href":"https:\/\/energosteel.com\/pl\/wp-json\/wp\/v2\/pages\/10182","targetHints":{"allow":["GET"]}}],"collection":[{"href":"https:\/\/energosteel.com\/pl\/wp-json\/wp\/v2\/pages"}],"about":[{"href":"https:\/\/energosteel.com\/pl\/wp-json\/wp\/v2\/types\/page"}],"author":[{"embeddable":true,"href":"https:\/\/energosteel.com\/pl\/wp-json\/wp\/v2\/users\/4"}],"replies":[{"embeddable":true,"href":"https:\/\/energosteel.com\/pl\/wp-json\/wp\/v2\/comments?post=10182"}],"version-history":[{"count":1,"href":"https:\/\/energosteel.com\/pl\/wp-json\/wp\/v2\/pages\/10182\/revisions"}],"predecessor-version":[{"id":11092,"href":"https:\/\/energosteel.com\/pl\/wp-json\/wp\/v2\/pages\/10182\/revisions\/11092"}],"wp:featuredmedia":[{"embeddable":true,"href":"https:\/\/energosteel.com\/pl\/wp-json\/wp\/v2\/media\/9992"}],"wp:attachment":[{"href":"https:\/\/energosteel.com\/pl\/wp-json\/wp\/v2\/media?parent=10182"}],"curies":[{"name":"wp","href":"https:\/\/api.w.org\/{rel}","templated":true}]}}