{"id":10260,"date":"2015-03-30T18:20:03","date_gmt":"2015-03-30T15:20:03","guid":{"rendered":"https:\/\/energosteel.com\/partners-2\/"},"modified":"2026-01-18T17:21:07","modified_gmt":"2026-01-18T14:21:07","slug":"partners-2","status":"publish","type":"page","link":"https:\/\/energosteel.com\/pl\/partners-2\/","title":{"rendered":"Partners PL"},"content":{"rendered":"<div class='gt3_row-fluid'><div style='padding-bottom:1px;' class='gt3_col12 first-module module_number_1 module_cont  module_title'><div class='bg_title'><h5 style='' class='headInModule'>Our partners<\/h5><\/div><\/div><!-- .module_cont --><\/div><div class='gt3_row-fluid'><div style='padding-bottom:5px;' class='gt3_col12  module_number_2 module_cont  module_text_area'>\n                <div class='module_content'>\n                    <p style=\"text-align: center;\"><span id=\"result_box\" class=\"\" lang=\"en\"><span class=\"\">Energosteel is an active member of the European Business Association (EBA)<\/span><\/span><\/p>\r\n<p>&nbsp;<\/p>\n                <\/div><\/div><!-- .module_cont --><\/div><div class='gt3_row-fluid'><div style='padding-bottom:1px;' class='gt3_col12  module_number_3 module_cont  module_divider'><hr class=\"no_line\" style=\"margin: 0 auto 0px auto\"\/>\n<\/div><!-- .module_cont --><\/div><div class='gt3_row-fluid'><div style='padding-bottom:5px;' class='gt3_col3  module_number_4 module_cont  module_text_area'>\n                <div class='module_content'>\n                    <p style=\"text-align: center;\"><img loading=\"lazy\" decoding=\"async\" class=\"aligncenter size-full wp-image-222\" src=\"\/wp-content\/uploads\/2015\/05\/\u0433\u043e\u0440\u043d\u043e.png\" alt=\"\u0413\u043e\u0440\u043d\u043e-\u043e\u0431\u043e\u0433\u0430\u0442\u0438\u0442\u0435\u043b\u044c\u043d\u044b\u0435 \u043a\u043e\u043c\u0431\u0438\u043d\u0430\u0442\u044b\" width=\"300\" height=\"300\" \/><\/p>\r\n<p style=\"text-align: center;\"><strong>Mining and processing plants<\/strong><\/p>\n                <\/div><\/div><!-- .module_cont --><div style='padding-bottom:5px;' class='gt3_col3  module_number_5 module_cont  module_text_area'>\n                <div class='module_content'>\n                    <p style=\"text-align: center;\"><img loading=\"lazy\" decoding=\"async\" class=\"aligncenter size-full wp-image-222\" src=\"\/wp-content\/uploads\/2015\/06\/\u042d\u043b\u0435\u043a\u0442\u0440\u043e11.png\" alt=\"\u042d\u043b\u0435\u043a\u0442\u0440\u043e\u0433\u0435\u043d\u0435\u0440\u0438\u0440\u0443\u044e\u0449\u0438\u0435 \u043a\u043e\u043c\u043f\u0430\u043d\u0438\u0438\" width=\"300\" height=\"300\" \/><\/p>\r\n<p style=\"text-align: center;\"><strong>Power Generating Companies<\/strong><\/p>\n                <\/div><\/div><!-- .module_cont --><div style='padding-bottom:5px;' class='gt3_col3  module_number_6 module_cont  module_text_area'>\n                <div class='module_content'>\n                    <p style=\"text-align: center;\"><img loading=\"lazy\" decoding=\"async\" class=\"aligncenter size-full wp-image-222\" src=\"\/wp-content\/uploads\/2015\/06\/\u0446\u0435\u043c\u0435\u043d\u0442.png\" alt=\"\u0426\u0435\u043c\u0435\u043d\u0442\u043d\u044b\u0435 \u043a\u043e\u043c\u0431\u0438\u043d\u0430\u0442\u044b\" width=\"300\" height=\"300\" \/><\/p>\r\n<p style=\"text-align: center;\"><strong>Cement Plants<\/strong><\/p>\n                <\/div><\/div><!-- .module_cont --><div style='padding-bottom:5px;' class='gt3_col3  module_number_7 module_cont  module_text_area'>\n                <div class='module_content'>\n                    <p style=\"text-align: center;\"><img loading=\"lazy\" decoding=\"async\" class=\"aligncenter size-full wp-image-222\" src=\"\/wp-content\/uploads\/2015\/06\/2.png\" alt=\"\u0421\u0442\u0440\u043e\u0438\u0442\u0435\u043b\u044c\u043d\u044b\u0435 \u043a\u043e\u043c\u043f\u0430\u043d\u0438\u0438\" width=\"300\" height=\"300\" \/><\/p>\r\n<p style=\"text-align: center;\"><span style=\"color: #000000;\"><strong>Raw Material Suppliers<\/strong><\/span><\/p>\n                <\/div><\/div><!-- .module_cont --><\/div><div class='gt3_row-fluid'><div style='padding-bottom:5px;' class='gt3_col12  module_number_8 module_cont  module_divider'><hr class=\"no_line\" style=\"margin: 0 auto 0px auto\"\/>\n<\/div><!-- .module_cont --><\/div><div class='gt3_row-fluid'><div style='padding-bottom:2px;' class='gt3_col12  module_number_9 module_cont  module_text_area'>\n                <div class='module_content'>\n                    <p style=\"text-align: center;\"><strong>Turkey, Armenia, Azerbaijan, Serbia, Bosnia and Herzegovina, Poland, Bulgaria, Moldova, Kazakhstan, the United Arab Emirates, Uzbekistan, Romania, Ukraine, Georgia, Morocco, Slovakia.<\/strong><\/p>\r\n<p style=\"text-align: center;\">&nbsp;<\/p>\r\n<p style=\"text-align: center;\"><img loading=\"lazy\" decoding=\"async\" src=\"\/wp-content\/uploads\/2015\/05\/\u041b\u041e\u0413\u0418\u0421\u0422\u0418\u041a\u0410.png\" alt=\"\" width=\"1300\" height=\"712\" \/><\/p>\n                <\/div><\/div><!-- .module_cont --><\/div><div class='gt3_row-fluid'><div style='padding-bottom:10px;' class='gt3_col12  module_number_10 module_cont  module_divider'><hr class=\"no_line\" style=\"margin: 0 auto 0px auto\"\/>\n<\/div><!-- .module_cont --><\/div>","protected":false},"excerpt":{"rendered":"<p>Our partners Energosteel is an active member of the European Business Association (EBA) &nbsp; Mining and processing plants Power Generating Companies Cement Plants Raw Material Suppliers<span class=\"excerpt-hellip\"> [\u2026]<\/span><\/p>\n","protected":false},"author":4,"featured_media":9762,"parent":0,"menu_order":0,"comment_status":"open","ping_status":"open","template":"","meta":{"footnotes":""},"class_list":["post-10260","page","type-page","status-publish","has-post-thumbnail","hentry"],"yoast_head":"<!-- This site is optimized with the Yoast SEO plugin v27.1.1 - https:\/\/yoast.com\/product\/yoast-seo-wordpress\/ -->\n<title>Partnerzy Energosteel \u2014 wsp\u00f3\u0142praca w zakresie stalowych kul miel\u0105cych<\/title>\n<meta name=\"description\" content=\"Partnerzy firmy Energosteel: mi\u0119dzynarodowi dostawcy i klienci korzystaj\u0105cy ze stalowych kul miel\u0105cych. Niezawodna wsp\u00f3\u0142praca, certyfikowana jako\u015b\u0107 i obecno\u015b\u0107 na rynkach globalnych.\" \/>\n<meta name=\"robots\" content=\"index, follow, max-snippet:-1, max-image-preview:large, max-video-preview:-1\" \/>\n<link rel=\"canonical\" href=\"https:\/\/energosteel.com\/partners\/\" \/>\n<meta property=\"og:locale\" content=\"pl_PL\" \/>\n<meta property=\"og:type\" content=\"article\" \/>\n<meta property=\"og:title\" content=\"Partnerzy Energosteel \u2014 wsp\u00f3\u0142praca w zakresie stalowych kul miel\u0105cych\" \/>\n<meta property=\"og:description\" content=\"Partnerzy firmy Energosteel: mi\u0119dzynarodowi dostawcy i klienci korzystaj\u0105cy ze stalowych kul miel\u0105cych. Niezawodna wsp\u00f3\u0142praca, certyfikowana jako\u015b\u0107 i obecno\u015b\u0107 na rynkach globalnych.\" \/>\n<meta property=\"og:url\" content=\"https:\/\/energosteel.com\/partners\/\" \/>\n<meta property=\"og:site_name\" content=\"Energosteel. Grinding Media Ball Manufacturer.\" \/>\n<meta property=\"article:modified_time\" content=\"2026-01-18T14:21:07+00:00\" \/>\n<meta property=\"og:image\" content=\"https:\/\/energosteel.com\/wp-content\/uploads\/2025\/06\/partners-top.jpg\" \/>\n\t<meta property=\"og:image:width\" content=\"960\" \/>\n\t<meta property=\"og:image:height\" content=\"360\" \/>\n\t<meta property=\"og:image:type\" content=\"image\/jpeg\" \/>\n<meta name=\"twitter:card\" content=\"summary_large_image\" \/>\n<meta name=\"twitter:label1\" content=\"Szacowany czas czytania\" \/>\n\t<meta name=\"twitter:data1\" content=\"1 minuta\" \/>\n<script type=\"application\/ld+json\" class=\"yoast-schema-graph\">{\"@context\":\"https:\/\/schema.org\",\"@graph\":[{\"@type\":\"WebPage\",\"@id\":\"https:\/\/energosteel.com\/partners\/\",\"url\":\"https:\/\/energosteel.com\/partners\/\",\"name\":\"Partnerzy Energosteel \u2014 wsp\u00f3\u0142praca w zakresie stalowych kul miel\u0105cych\",\"isPartOf\":{\"@id\":\"https:\/\/energosteel.com\/#website\"},\"primaryImageOfPage\":{\"@id\":\"https:\/\/energosteel.com\/partners\/#primaryimage\"},\"image\":{\"@id\":\"https:\/\/energosteel.com\/partners\/#primaryimage\"},\"thumbnailUrl\":\"https:\/\/energosteel.com\/wp-content\/uploads\/2025\/06\/partners-top.jpg\",\"datePublished\":\"2015-03-30T15:20:03+00:00\",\"dateModified\":\"2026-01-18T14:21:07+00:00\",\"description\":\"Partnerzy firmy Energosteel: mi\u0119dzynarodowi dostawcy i klienci korzystaj\u0105cy ze stalowych kul miel\u0105cych. Niezawodna wsp\u00f3\u0142praca, certyfikowana jako\u015b\u0107 i obecno\u015b\u0107 na rynkach globalnych.\",\"breadcrumb\":{\"@id\":\"https:\/\/energosteel.com\/partners\/#breadcrumb\"},\"inLanguage\":\"pl-PL\",\"potentialAction\":[{\"@type\":\"ReadAction\",\"target\":[\"https:\/\/energosteel.com\/partners\/\"]}]},{\"@type\":\"ImageObject\",\"inLanguage\":\"pl-PL\",\"@id\":\"https:\/\/energosteel.com\/partners\/#primaryimage\",\"url\":\"https:\/\/energosteel.com\/wp-content\/uploads\/2025\/06\/partners-top.jpg\",\"contentUrl\":\"https:\/\/energosteel.com\/wp-content\/uploads\/2025\/06\/partners-top.jpg\",\"width\":960,\"height\":360,\"caption\":\"OUR PARTNERS\"},{\"@type\":\"BreadcrumbList\",\"@id\":\"https:\/\/energosteel.com\/partners\/#breadcrumb\",\"itemListElement\":[{\"@type\":\"ListItem\",\"position\":1,\"name\":\"\u0413\u043b\u0430\u0432\u043d\u0430\u044f \u0441\u0442\u0440\u0430\u043d\u0438\u0446\u0430\",\"item\":\"https:\/\/energosteel.com\/\"},{\"@type\":\"ListItem\",\"position\":2,\"name\":\"Partners PL\"}]},{\"@type\":\"WebSite\",\"@id\":\"https:\/\/energosteel.com\/#website\",\"url\":\"https:\/\/energosteel.com\/\",\"name\":\"Energosteel. Grinding Media Ball Manufacturer.\",\"description\":\"Energosteel. Grinding Media Ball Manufacturer. Steel Grinding Balls.\",\"potentialAction\":[{\"@type\":\"SearchAction\",\"target\":{\"@type\":\"EntryPoint\",\"urlTemplate\":\"https:\/\/energosteel.com\/?s={search_term_string}\"},\"query-input\":{\"@type\":\"PropertyValueSpecification\",\"valueRequired\":true,\"valueName\":\"search_term_string\"}}],\"inLanguage\":\"pl-PL\"}]}<\/script>\n<!-- \/ Yoast SEO plugin. -->","yoast_head_json":{"title":"Partnerzy Energosteel \u2014 wsp\u00f3\u0142praca w zakresie stalowych kul miel\u0105cych","description":"Partnerzy firmy Energosteel: mi\u0119dzynarodowi dostawcy i klienci korzystaj\u0105cy ze stalowych kul miel\u0105cych. Niezawodna wsp\u00f3\u0142praca, certyfikowana jako\u015b\u0107 i obecno\u015b\u0107 na rynkach globalnych.","robots":{"index":"index","follow":"follow","max-snippet":"max-snippet:-1","max-image-preview":"max-image-preview:large","max-video-preview":"max-video-preview:-1"},"canonical":"https:\/\/energosteel.com\/partners\/","og_locale":"pl_PL","og_type":"article","og_title":"Partnerzy Energosteel \u2014 wsp\u00f3\u0142praca w zakresie stalowych kul miel\u0105cych","og_description":"Partnerzy firmy Energosteel: mi\u0119dzynarodowi dostawcy i klienci korzystaj\u0105cy ze stalowych kul miel\u0105cych. Niezawodna wsp\u00f3\u0142praca, certyfikowana jako\u015b\u0107 i obecno\u015b\u0107 na rynkach globalnych.","og_url":"https:\/\/energosteel.com\/partners\/","og_site_name":"Energosteel. Grinding Media Ball Manufacturer.","article_modified_time":"2026-01-18T14:21:07+00:00","og_image":[{"width":960,"height":360,"url":"https:\/\/energosteel.com\/wp-content\/uploads\/2025\/06\/partners-top.jpg","type":"image\/jpeg"}],"twitter_card":"summary_large_image","twitter_misc":{"Szacowany czas czytania":"1 minuta"},"schema":{"@context":"https:\/\/schema.org","@graph":[{"@type":"WebPage","@id":"https:\/\/energosteel.com\/partners\/","url":"https:\/\/energosteel.com\/partners\/","name":"Partnerzy Energosteel \u2014 wsp\u00f3\u0142praca w zakresie stalowych kul miel\u0105cych","isPartOf":{"@id":"https:\/\/energosteel.com\/#website"},"primaryImageOfPage":{"@id":"https:\/\/energosteel.com\/partners\/#primaryimage"},"image":{"@id":"https:\/\/energosteel.com\/partners\/#primaryimage"},"thumbnailUrl":"https:\/\/energosteel.com\/wp-content\/uploads\/2025\/06\/partners-top.jpg","datePublished":"2015-03-30T15:20:03+00:00","dateModified":"2026-01-18T14:21:07+00:00","description":"Partnerzy firmy Energosteel: mi\u0119dzynarodowi dostawcy i klienci korzystaj\u0105cy ze stalowych kul miel\u0105cych. Niezawodna wsp\u00f3\u0142praca, certyfikowana jako\u015b\u0107 i obecno\u015b\u0107 na rynkach globalnych.","breadcrumb":{"@id":"https:\/\/energosteel.com\/partners\/#breadcrumb"},"inLanguage":"pl-PL","potentialAction":[{"@type":"ReadAction","target":["https:\/\/energosteel.com\/partners\/"]}]},{"@type":"ImageObject","inLanguage":"pl-PL","@id":"https:\/\/energosteel.com\/partners\/#primaryimage","url":"https:\/\/energosteel.com\/wp-content\/uploads\/2025\/06\/partners-top.jpg","contentUrl":"https:\/\/energosteel.com\/wp-content\/uploads\/2025\/06\/partners-top.jpg","width":960,"height":360,"caption":"OUR PARTNERS"},{"@type":"BreadcrumbList","@id":"https:\/\/energosteel.com\/partners\/#breadcrumb","itemListElement":[{"@type":"ListItem","position":1,"name":"\u0413\u043b\u0430\u0432\u043d\u0430\u044f \u0441\u0442\u0440\u0430\u043d\u0438\u0446\u0430","item":"https:\/\/energosteel.com\/"},{"@type":"ListItem","position":2,"name":"Partners PL"}]},{"@type":"WebSite","@id":"https:\/\/energosteel.com\/#website","url":"https:\/\/energosteel.com\/","name":"Energosteel. Grinding Media Ball Manufacturer.","description":"Energosteel. Grinding Media Ball Manufacturer. Steel Grinding Balls.","potentialAction":[{"@type":"SearchAction","target":{"@type":"EntryPoint","urlTemplate":"https:\/\/energosteel.com\/?s={search_term_string}"},"query-input":{"@type":"PropertyValueSpecification","valueRequired":true,"valueName":"search_term_string"}}],"inLanguage":"pl-PL"}]}},"_links":{"self":[{"href":"https:\/\/energosteel.com\/pl\/wp-json\/wp\/v2\/pages\/10260","targetHints":{"allow":["GET"]}}],"collection":[{"href":"https:\/\/energosteel.com\/pl\/wp-json\/wp\/v2\/pages"}],"about":[{"href":"https:\/\/energosteel.com\/pl\/wp-json\/wp\/v2\/types\/page"}],"author":[{"embeddable":true,"href":"https:\/\/energosteel.com\/pl\/wp-json\/wp\/v2\/users\/4"}],"replies":[{"embeddable":true,"href":"https:\/\/energosteel.com\/pl\/wp-json\/wp\/v2\/comments?post=10260"}],"version-history":[{"count":1,"href":"https:\/\/energosteel.com\/pl\/wp-json\/wp\/v2\/pages\/10260\/revisions"}],"predecessor-version":[{"id":11158,"href":"https:\/\/energosteel.com\/pl\/wp-json\/wp\/v2\/pages\/10260\/revisions\/11158"}],"wp:featuredmedia":[{"embeddable":true,"href":"https:\/\/energosteel.com\/pl\/wp-json\/wp\/v2\/media\/9762"}],"wp:attachment":[{"href":"https:\/\/energosteel.com\/pl\/wp-json\/wp\/v2\/media?parent=10260"}],"curies":[{"name":"wp","href":"https:\/\/api.w.org\/{rel}","templated":true}]}}