{"id":7773,"date":"2015-04-01T18:11:09","date_gmt":"2015-04-01T15:11:09","guid":{"rendered":"https:\/\/energosteel.com\/?page_id=7773"},"modified":"2024-09-18T16:00:34","modified_gmt":"2024-09-18T13:00:34","slug":"energosteel","status":"publish","type":"page","link":"https:\/\/energosteel.com\/pl\/energosteel\/","title":{"rendered":"Energosteel"},"content":{"rendered":"<div class='gt3_row-fluid'><div style='padding-bottom:1px;' class='gt3_col12 first-module module_number_1 module_cont  module_layer_slider'>\n                <div class='module_content'>\n                    \n\t\t\t<!-- START Slider6 REVOLUTION SLIDER 6.7.41 --><p class=\"rs-p-wp-fix\"><\/p>\n\t\t\t<rs-module-wrap id=\"rev_slider_6_1_wrapper\" data-source=\"gallery\" style=\"visibility:hidden;background:#ffffff;padding:0;margin:0px auto;margin-top:0;margin-bottom:0;\">\n\t\t\t\t<rs-module id=\"rev_slider_6_1\" style=\"\" data-version=\"6.7.41\">\n\t\t\t\t\t<rs-slides style=\"overflow: hidden; position: absolute;\">\n\t\t\t\t\t\t<rs-slide style=\"position: absolute;\" data-key=\"rs-14\" data-title=\"\u0421\u043b\u0430\u0439\u0434\" data-anim=\"d:20;ms:1210;\" data-in=\"prst:rndany;o:0;y:ran(-200|200);sx:2;sy:2;e:power3.Out;row:10;col:100;\" data-d3=\"f:cube;d:vertical;z:450;t:20;su:true;sc:#9e9e9e;\">\n\t\t\t\t\t\t\t<img decoding=\"async\" src=\"\/\/energosteel.com\/wp-content\/plugins\/revslider\/sr6\/assets\/assets\/dummy.png\" alt=\"\" title=\"Energosteel\" class=\"rev-slidebg tp-rs-img rs-lazyload\" data-lazyload=\"\/\/energosteel.com\/wp-content\/uploads\/2015\/04\/11.jpg\" data-bg=\"p:center top;\" data-no-retina>\n<!--\n\t\t\t\t\t\t\t--><rs-layer\n\t\t\t\t\t\t\t\tid=\"slider-6-slide-14-layer-1\" \n\t\t\t\t\t\t\t\tdata-type=\"image\"\n\t\t\t\t\t\t\t\tdata-rsp_ch=\"on\"\n\t\t\t\t\t\t\t\tdata-xy=\"x:-1px;y:160px;\"\n\t\t\t\t\t\t\t\tdata-dim=\"w:880;h:129;\"\n\t\t\t\t\t\t\t\tdata-frame_1=\"st:700;\"\n\t\t\t\t\t\t\t\tdata-frame_999=\"e:nothing;st:w;\"\n\t\t\t\t\t\t\t\tstyle=\"z-index:5;\"\n\t\t\t\t\t\t\t><img decoding=\"async\" src=\"\/\/energosteel.com\/wp-content\/plugins\/revslider\/sr6\/assets\/assets\/dummy.png\" alt=\"\" class=\"tp-rs-img rs-lazyload\" width=\"860\" height=\"129\" data-lazyload=\"\/\/energosteel.com\/wp-content\/uploads\/2015\/04\/233.png\" data-no-retina> \n\t\t\t\t\t\t\t<\/rs-layer><!--\n\n\t\t\t\t\t\t\t--><rs-layer\n\t\t\t\t\t\t\t\tid=\"slider-6-slide-14-layer-2\" \n\t\t\t\t\t\t\t\tclass=\"large_text\"\n\t\t\t\t\t\t\t\tdata-type=\"text\"\n\t\t\t\t\t\t\t\tdata-color=\"#fff\"\n\t\t\t\t\t\t\t\tdata-rsp_ch=\"on\"\n\t\t\t\t\t\t\t\tdata-xy=\"x:27px;y:228px;\"\n\t\t\t\t\t\t\t\tdata-text=\"s:40;l:40;fw:700;\"\n\t\t\t\t\t\t\t\tdata-frame_1=\"st:500;sp:600;\"\n\t\t\t\t\t\t\t\tdata-frame_999=\"e:nothing;st:w;sp:600;\"\n\t\t\t\t\t\t\t\tstyle=\"z-index:6;font-family:'Arial';position:absolute;text-shadow:0px 2px 5px rgba(0, 0, 0, 0.5);white-space:nowrap;\"\n\t\t\t\t\t\t\t>O FIRMIE \n\t\t\t\t\t\t\t<\/rs-layer><!--\n\n\t\t\t\t\t\t\t--><rs-layer\n\t\t\t\t\t\t\t\tid=\"slider-6-slide-14-layer-3\" \n\t\t\t\t\t\t\t\tclass=\"small_text\"\n\t\t\t\t\t\t\t\tdata-type=\"text\"\n\t\t\t\t\t\t\t\tdata-color=\"#fff\"\n\t\t\t\t\t\t\t\tdata-rsp_ch=\"on\"\n\t\t\t\t\t\t\t\tdata-xy=\"x:32px;y:165px;\"\n\t\t\t\t\t\t\t\tdata-text=\"s:14;l:20;fw:700;\"\n\t\t\t\t\t\t\t\tdata-frame_1=\"st:700;\"\n\t\t\t\t\t\t\t\tdata-frame_999=\"st:w;auto:true;\"\n\t\t\t\t\t\t\t\tstyle=\"z-index:7;font-family:'Arial';position:absolute;text-shadow:0px 2px 5px rgba(0, 0, 0, 0.5);white-space:nowrap;\"\n\t\t\t\t\t\t\t>ENERGOSTEEL JEST LIDEREM w Europie <br>\nPRODUKCJI KUL MIEL\u0104CYCH O EUROPEJSKIEJ JAKO\u015aCI. \n\t\t\t\t\t\t\t<\/rs-layer><!--\n\n\t\t\t\t\t\t\t--><rs-layer\n\t\t\t\t\t\t\t\tid=\"slider-6-slide-14-layer-4\" \n\t\t\t\t\t\t\t\tdata-type=\"image\"\n\t\t\t\t\t\t\t\tdata-rsp_ch=\"on\"\n\t\t\t\t\t\t\t\tdata-xy=\"x:543px;y:52px;\"\n\t\t\t\t\t\t\t\tdata-dim=\"w:152.75;h:156;\"\n\t\t\t\t\t\t\t\tdata-frame_0=\"o:1;\"\n\t\t\t\t\t\t\t\tdata-frame_0_chars=\"d:10;\"\n\t\t\t\t\t\t\t\tdata-frame_1=\"st:950;sp:600;\"\n\t\t\t\t\t\t\t\tdata-frame_1_chars=\"d:10;\"\n\t\t\t\t\t\t\t\tdata-frame_999=\"st:w;sp:900;auto:true;\"\n\t\t\t\t\t\t\t\tstyle=\"z-index:8;\"\n\t\t\t\t\t\t\t><img decoding=\"async\" src=\"\/\/energosteel.com\/wp-content\/plugins\/revslider\/sr6\/assets\/assets\/dummy.png\" alt=\"\u042d\u043d\u0435\u0440\u0433\u043e\u0441\u0442\u0438\u043b - \u043f\u0440\u043e\u0438\u0437\u0432\u043e\u0434\u0441\u0442\u0432\u043e \u043c\u0435\u043b\u044e\u0449\u0438\u0445 \u0448\u0430\u0440\u043e\u0432 \u0434\u043b\u044f \u043c\u0435\u043b\u044e\u0449\u0438\u0445 \u043c\u0435\u043b\u044c\u043d\u0438\u0446\" class=\"tp-rs-img rs-lazyload\" width=\"421\" height=\"429\" data-lazyload=\"\/\/energosteel.com\/wp-content\/uploads\/2015\/04\/1213.png\" data-no-retina> \n\t\t\t\t\t\t\t<\/rs-layer><!--\n-->\t\t\t\t\t<\/rs-slide>\n\t\t\t\t\t\t<rs-slide style=\"position: absolute;\" data-key=\"rs-15\" data-title=\"\u0421\u043b\u0430\u0439\u04342\" data-anim=\"d:10;f:oppslidebased;\" data-in=\"prst:rndany;o:0;sx:1.1;sy:1.1;m:true;row:6;col:6;\" data-out=\"a:false;\">\n\t\t\t\t\t\t\t<img decoding=\"async\" src=\"\/\/energosteel.com\/wp-content\/plugins\/revslider\/sr6\/assets\/assets\/dummy.png\" alt=\"\" title=\"Energosteel\" class=\"rev-slidebg tp-rs-img rs-lazyload\" data-lazyload=\"\/\/energosteel.com\/wp-content\/uploads\/2015\/04\/33.jpg\" data-bg=\"p:center top;\" data-no-retina>\n<!--\n\t\t\t\t\t\t\t--><rs-layer\n\t\t\t\t\t\t\t\tid=\"slider-6-slide-15-layer-1\" \n\t\t\t\t\t\t\t\tdata-type=\"image\"\n\t\t\t\t\t\t\t\tdata-rsp_ch=\"on\"\n\t\t\t\t\t\t\t\tdata-xy=\"x:-2px;y:153px;\"\n\t\t\t\t\t\t\t\tdata-dim=\"w:860;h:129;\"\n\t\t\t\t\t\t\t\tdata-frame_1=\"st:500;\"\n\t\t\t\t\t\t\t\tdata-frame_999=\"st:w;auto:true;\"\n\t\t\t\t\t\t\t\tstyle=\"z-index:5;\"\n\t\t\t\t\t\t\t><img decoding=\"async\" src=\"\/\/energosteel.com\/wp-content\/plugins\/revslider\/sr6\/assets\/assets\/dummy.png\" alt=\"\" class=\"tp-rs-img rs-lazyload\" width=\"860\" height=\"129\" data-lazyload=\"\/\/energosteel.com\/wp-content\/uploads\/2015\/04\/233.png\" data-no-retina> \n\t\t\t\t\t\t\t<\/rs-layer><!--\n\n\t\t\t\t\t\t\t--><rs-layer\n\t\t\t\t\t\t\t\tid=\"slider-6-slide-15-layer-2\" \n\t\t\t\t\t\t\t\tclass=\"large_text\"\n\t\t\t\t\t\t\t\tdata-type=\"text\"\n\t\t\t\t\t\t\t\tdata-color=\"#fff\"\n\t\t\t\t\t\t\t\tdata-rsp_ch=\"on\"\n\t\t\t\t\t\t\t\tdata-xy=\"x:32px;y:220px;\"\n\t\t\t\t\t\t\t\tdata-text=\"s:40;l:40;fw:700;\"\n\t\t\t\t\t\t\t\tdata-frame_1=\"st:800;\"\n\t\t\t\t\t\t\t\tdata-frame_999=\"st:w;auto:true;\"\n\t\t\t\t\t\t\t\tstyle=\"z-index:6;font-family:'Arial';position:absolute;text-shadow:0px 2px 5px rgba(0, 0, 0, 0.5);white-space:nowrap;\"\n\t\t\t\t\t\t\t>O FIRMIE \n\t\t\t\t\t\t\t<\/rs-layer><!--\n\n\t\t\t\t\t\t\t--><rs-layer\n\t\t\t\t\t\t\t\tid=\"slider-6-slide-15-layer-3\" \n\t\t\t\t\t\t\t\tclass=\"small_text\"\n\t\t\t\t\t\t\t\tdata-type=\"text\"\n\t\t\t\t\t\t\t\tdata-color=\"#fff\"\n\t\t\t\t\t\t\t\tdata-rsp_ch=\"on\"\n\t\t\t\t\t\t\t\tdata-xy=\"x:36px;y:22px;\"\n\t\t\t\t\t\t\t\tdata-text=\"s:14;l:20;fw:700;\"\n\t\t\t\t\t\t\t\tdata-frame_1=\"st:1100;\"\n\t\t\t\t\t\t\t\tdata-frame_999=\"st:w;auto:true;\"\n\t\t\t\t\t\t\t\tstyle=\"z-index:7;font-family:'Arial';position:absolute;text-shadow:0px 2px 5px rgba(0, 0, 0, 0.5);white-space:nowrap;\"\n\t\t\t\t\t\t\t>ENERGOSTEEL JEST LIDEREM NA UKRAINIE <br> PRODUKCJI KUL MIEL\u0104CYCH O EUROPEJSKIEJ JAKO\u015aCI. \n\t\t\t\t\t\t\t<\/rs-layer><!--\n-->\t\t\t\t\t<\/rs-slide>\n\t\t\t\t\t<\/rs-slides>\n\t\t\t\t<\/rs-module>\n\t\t\t\t<script>\n\t\t\t\t\tsetREVStartSize({c: 'rev_slider_6_1',rl:[1240,1024,778,480],el:[],gw:[860],gh:[280],type:'standard',justify:'',layout:'fullwidth',mh:\"280\"});if (window.RS_MODULES!==undefined && window.RS_MODULES.modules!==undefined && window.RS_MODULES.modules[\"revslider61\"]!==undefined) {window.RS_MODULES.modules[\"revslider61\"].once = false;window.revapi6 = undefined;if (window.RS_MODULES.checkMinimal!==undefined) window.RS_MODULES.checkMinimal()}\n\t\t\t\t<\/script>\n\t\t\t<\/rs-module-wrap>\n\t\t\t<!-- END REVOLUTION SLIDER -->\n\n                <\/div><\/div><!-- .module_cont --><\/div><div class='gt3_row-fluid'><div style='padding-bottom:0px;' class='gt3_col12  module_number_2 module_cont  module_text_area'>\n                <div class='module_content'>\n                    <h1 style=\"text-align: center;\">KULE MIEL\u0104CE, MIELNIKI, KULE STALOWE MIEL\u0104CE DO M\u0141YN&Oacute;W KULOWYCH OD PRODUCENTA<\/h1>\r\n<p>&nbsp;<\/p>\r\n<h5 style=\"text-align: justify;\">KULE MIEL\u0104CE PRZEZNACZONE S\u0104 DO MIELENIA SUROWC&Oacute;W W CEMENTOWNIACH, ZAK\u0141ADACH ENERGETYCZNYCH, G&Oacute;RNICZYCH I WYDOBYWCZYCH ORAZ INNYCH PRZEDSI\u0118BIORSTWACH ZLOKALIZOWANYCH NA CA\u0141YM \u015aWIECIE<\/h5>\r\n<p style=\"text-align: justify;\"><strong style=\"text-align: justify;\">Producent stalowych kul miel\u0105cych do m\u0142yn&oacute;w kulowych Zak\u0142ad &bdquo;Energosteel&rdquo; zosta\u0142 uruchomiony w 2007 roku.<\/strong><\/p>\r\n<p style=\"text-align: justify;\">Zak\u0142ad &bdquo;Energosteel&rdquo; powsta\u0142 w czasie, gdy rynek przechodzi\u0142 znacz\u0105c\u0105 transformacj\u0119, a jako\u015b\u0107 sta\u0142a si\u0119 kluczem do wyboru produktu. Mamy dzi\u015b do czynienia z ci\u0105gle rosn\u0105cymi wymaganiami konsument&oacute;w dotycz\u0105cymi cech eksploatacji kul miel\u0105cych, co bezpo\u015brednio wp\u0142ywa na jako\u015b\u0107 i koszty w\u0142asne produktu ko\u0144cowego, wydajno\u015b\u0107 sprz\u0119tu miel\u0105cego oraz ca\u0142ego przedsi\u0119biorstwa.<\/p>\r\n<p style=\"text-align: justify;\">Zak\u0142ad produkcji kul stalowych miel\u0105cych zosta\u0142 zbudowany przy u\u017cyciu najnowocze\u015bniejszego sprz\u0119tu. Dzi\u0119ki zastosowaniu zaawansowanych technologii oraz wsp&oacute;\u0142pracy z wieloma jednostkami badawczymi od samego pocz\u0105tku uda\u0142o nam si\u0119 osi\u0105gn\u0105\u0107 wysok\u0105 jako\u015b\u0107 mielnik&oacute;w &ndash; lepsz\u0105 w Europie.<\/p>\n                <\/div><\/div><!-- .module_cont --><\/div><div class='gt3_row-fluid'><div style='padding-bottom:0px;' class='gt3_col12  module_number_3 module_cont  module_html'>\n                <div class='module_content'>\n                    <p style=\"text-align: justify;\">Mimo kr\u00f3tkiego okresu dzia\u0142alno\u015bci Zak\u0142adu \u201eEnergosteel\u201d uda\u0142o si\u0119 zaj\u0105\u0107 nisz\u0119 mielnik\u00f3w wysokiej jako\u015bci   oraz wzmocni\u0107 swoj\u0105 pozycj\u0119 na rynku. W\u0142a\u015bciwo\u015bci eksploatacyjne mielnik\u00f3w produkowanych przez Zak\u0142ad Energosteel pozwalaj\u0105 na kilkukrotne zmniejszenie zu\u017cycia kul miel\u0105cych, zmniejszenie energoch\u0142onno\u015bci, zwi\u0119kszenie stopnia rozdrobnienia surowc\u00f3w, zmniejszenie ilo\u015bci przestoj\u00f3w remontowych  m\u0142yna i tym samym zwi\u0119kszenie ich produktywno\u015bci. Wielko\u015bci dostaw rosn\u0105 z miesi\u0105ca na miesi\u0105c, co jest wynikiem stabilnej i nieprzerwanej pracy zak\u0142adu.<\/p>\r\n\r\n<p style=\"text-align: justify;\">Szybko opanowujemy rynki zagraniczne, ro\u015bnie miesi\u0119czna sprzeda\u017c mielnik\u00f3w na eksport. Od 2007 roku realizowane s\u0105 regularne dostawy kul stalowych produkowanych przez Zak\u0142ad \u201eEnergosteel\u201d do Polski, Niemiec, Norwegii, Mo\u0142dawii, Armenii, Gruzji, Kazachstanu, Uzbekistanu, Kirgistanu, Azerbejd\u017canu, S\u0142owacji, Rumunii, Litwy, Serbii, Bu\u0142garii, Turcji, itp.<\/p>\r\n\r\n<p style=\"text-align: justify;\">Zak\u0142ad \u201eEnergosteel\u201d stara si\u0119 maksymalnie odpowiada\u0107 wymaganiom konsument\u00f3w, wprowadza najnowocze\u015bniejszy sprz\u0119t, zaawansowane technologie do produkcji mielnik\u00f3w, ulepsza wytwarzane produkty i opanowuje nowe rodzaje produkt\u00f3w. Je\u015bli chcieliby Pa\u0144stwo kupi\u0107 kule miel\u0105ce wysokiej jako\u015bci po akceptowalnej cenie, kule stalowe produkowane przez Zak\u0142ad \u201eEnergosteel\u201d s\u0105 dok\u0142adnie tym, czego Pa\u0144stwo potrzebuj\u0105.<\/p>\n                <\/div><\/div><!-- .module_cont --><\/div>","protected":false},"excerpt":{"rendered":"<p>O FIRMIE ENERGOSTEEL JEST LIDEREM w Europie PRODUKCJI KUL MIEL\u0104CYCH O EUROPEJSKIEJ JAKO\u015aCI. O FIRMIE ENERGOSTEEL JEST LIDEREM NA UKRAINIE PRODUKCJI KUL MIEL\u0104CYCH O EUROPEJSKIEJ JAKO\u015aCI.<span class=\"excerpt-hellip\"> [\u2026]<\/span><\/p>\n","protected":false},"author":4,"featured_media":0,"parent":0,"menu_order":0,"comment_status":"open","ping_status":"open","template":"","meta":{"footnotes":""},"class_list":["post-7773","page","type-page","status-publish","hentry"],"yoast_head":"<!-- This site is optimized with the Yoast SEO plugin v27.1.1 - https:\/\/yoast.com\/product\/yoast-seo-wordpress\/ -->\n<title>Energosteel<\/title>\n<meta name=\"robots\" content=\"index, follow, max-snippet:-1, max-image-preview:large, max-video-preview:-1\" \/>\n<link rel=\"canonical\" href=\"https:\/\/energosteel.com\/pl\/\" \/>\n<meta property=\"og:locale\" content=\"pl_PL\" \/>\n<meta property=\"og:type\" content=\"article\" \/>\n<meta property=\"og:title\" content=\"Energosteel\" \/>\n<meta property=\"og:description\" content=\"O FIRMIE ENERGOSTEEL JEST LIDEREM w Europie PRODUKCJI KUL MIEL\u0104CYCH O EUROPEJSKIEJ JAKO\u015aCI. O FIRMIE ENERGOSTEEL JEST LIDEREM NA UKRAINIE PRODUKCJI KUL MIEL\u0104CYCH O EUROPEJSKIEJ JAKO\u015aCI. [\u2026]\" \/>\n<meta property=\"og:url\" content=\"https:\/\/energosteel.com\/pl\/\" \/>\n<meta property=\"og:site_name\" content=\"Energosteel. Grinding Media Ball Manufacturer.\" \/>\n<meta property=\"article:modified_time\" content=\"2024-09-18T13:00:34+00:00\" \/>\n<meta name=\"twitter:card\" content=\"summary_large_image\" \/>\n<script type=\"application\/ld+json\" class=\"yoast-schema-graph\">{\"@context\":\"https:\/\/schema.org\",\"@graph\":[{\"@type\":\"WebPage\",\"@id\":\"https:\/\/energosteel.com\/pl\/\",\"url\":\"https:\/\/energosteel.com\/pl\/\",\"name\":\"Energosteel\",\"isPartOf\":{\"@id\":\"https:\/\/energosteel.com\/#website\"},\"datePublished\":\"2015-04-01T15:11:09+00:00\",\"dateModified\":\"2024-09-18T13:00:34+00:00\",\"breadcrumb\":{\"@id\":\"https:\/\/energosteel.com\/pl\/#breadcrumb\"},\"inLanguage\":\"pl-PL\",\"potentialAction\":[{\"@type\":\"ReadAction\",\"target\":[\"https:\/\/energosteel.com\/pl\/\"]}]},{\"@type\":\"BreadcrumbList\",\"@id\":\"https:\/\/energosteel.com\/pl\/#breadcrumb\",\"itemListElement\":[{\"@type\":\"ListItem\",\"position\":1,\"name\":\"\u0413\u043b\u0430\u0432\u043d\u0430\u044f \u0441\u0442\u0440\u0430\u043d\u0438\u0446\u0430\",\"item\":\"https:\/\/energosteel.com\/\"},{\"@type\":\"ListItem\",\"position\":2,\"name\":\"Energosteel\"}]},{\"@type\":\"WebSite\",\"@id\":\"https:\/\/energosteel.com\/#website\",\"url\":\"https:\/\/energosteel.com\/\",\"name\":\"Energosteel. Grinding Media Ball Manufacturer.\",\"description\":\"Energosteel. Grinding Media Ball Manufacturer. Steel Grinding Balls.\",\"potentialAction\":[{\"@type\":\"SearchAction\",\"target\":{\"@type\":\"EntryPoint\",\"urlTemplate\":\"https:\/\/energosteel.com\/?s={search_term_string}\"},\"query-input\":{\"@type\":\"PropertyValueSpecification\",\"valueRequired\":true,\"valueName\":\"search_term_string\"}}],\"inLanguage\":\"pl-PL\"}]}<\/script>\n<!-- \/ Yoast SEO plugin. -->","yoast_head_json":{"title":"Energosteel","robots":{"index":"index","follow":"follow","max-snippet":"max-snippet:-1","max-image-preview":"max-image-preview:large","max-video-preview":"max-video-preview:-1"},"canonical":"https:\/\/energosteel.com\/pl\/","og_locale":"pl_PL","og_type":"article","og_title":"Energosteel","og_description":"O FIRMIE ENERGOSTEEL JEST LIDEREM w Europie PRODUKCJI KUL MIEL\u0104CYCH O EUROPEJSKIEJ JAKO\u015aCI. O FIRMIE ENERGOSTEEL JEST LIDEREM NA UKRAINIE PRODUKCJI KUL MIEL\u0104CYCH O EUROPEJSKIEJ JAKO\u015aCI. [\u2026]","og_url":"https:\/\/energosteel.com\/pl\/","og_site_name":"Energosteel. Grinding Media Ball Manufacturer.","article_modified_time":"2024-09-18T13:00:34+00:00","twitter_card":"summary_large_image","schema":{"@context":"https:\/\/schema.org","@graph":[{"@type":"WebPage","@id":"https:\/\/energosteel.com\/pl\/","url":"https:\/\/energosteel.com\/pl\/","name":"Energosteel","isPartOf":{"@id":"https:\/\/energosteel.com\/#website"},"datePublished":"2015-04-01T15:11:09+00:00","dateModified":"2024-09-18T13:00:34+00:00","breadcrumb":{"@id":"https:\/\/energosteel.com\/pl\/#breadcrumb"},"inLanguage":"pl-PL","potentialAction":[{"@type":"ReadAction","target":["https:\/\/energosteel.com\/pl\/"]}]},{"@type":"BreadcrumbList","@id":"https:\/\/energosteel.com\/pl\/#breadcrumb","itemListElement":[{"@type":"ListItem","position":1,"name":"\u0413\u043b\u0430\u0432\u043d\u0430\u044f \u0441\u0442\u0440\u0430\u043d\u0438\u0446\u0430","item":"https:\/\/energosteel.com\/"},{"@type":"ListItem","position":2,"name":"Energosteel"}]},{"@type":"WebSite","@id":"https:\/\/energosteel.com\/#website","url":"https:\/\/energosteel.com\/","name":"Energosteel. Grinding Media Ball Manufacturer.","description":"Energosteel. Grinding Media Ball Manufacturer. Steel Grinding Balls.","potentialAction":[{"@type":"SearchAction","target":{"@type":"EntryPoint","urlTemplate":"https:\/\/energosteel.com\/?s={search_term_string}"},"query-input":{"@type":"PropertyValueSpecification","valueRequired":true,"valueName":"search_term_string"}}],"inLanguage":"pl-PL"}]}},"_links":{"self":[{"href":"https:\/\/energosteel.com\/pl\/wp-json\/wp\/v2\/pages\/7773","targetHints":{"allow":["GET"]}}],"collection":[{"href":"https:\/\/energosteel.com\/pl\/wp-json\/wp\/v2\/pages"}],"about":[{"href":"https:\/\/energosteel.com\/pl\/wp-json\/wp\/v2\/types\/page"}],"author":[{"embeddable":true,"href":"https:\/\/energosteel.com\/pl\/wp-json\/wp\/v2\/users\/4"}],"replies":[{"embeddable":true,"href":"https:\/\/energosteel.com\/pl\/wp-json\/wp\/v2\/comments?post=7773"}],"version-history":[{"count":0,"href":"https:\/\/energosteel.com\/pl\/wp-json\/wp\/v2\/pages\/7773\/revisions"}],"wp:attachment":[{"href":"https:\/\/energosteel.com\/pl\/wp-json\/wp\/v2\/media?parent=7773"}],"curies":[{"name":"wp","href":"https:\/\/api.w.org\/{rel}","templated":true}]}}