{"id":7784,"date":"2018-06-14T12:57:57","date_gmt":"2018-06-14T09:57:57","guid":{"rendered":"https:\/\/energosteel.com\/?page_id=7784"},"modified":"2024-07-08T17:13:19","modified_gmt":"2024-07-08T14:13:19","slug":"kupic-kule-mielace","status":"publish","type":"page","link":"https:\/\/energosteel.com\/pl\/kupic-kule-mielace\/","title":{"rendered":"KUPI\u0106 KULE MIEL\u0104CE"},"content":{"rendered":"<div class='gt3_row-fluid'><div style='padding-bottom:5px;' class='gt3_col12 first-module module_number_1 module_cont  module_text_area'>\n                <div class='module_content'>\n                    <p style=\"text-indent: 20px;\" align=\"justify\">Firma &bdquo;Energosteel&rdquo; jest jedyn\u0105 firm\u0105 w swojej bran\u017cy w Europie, specjalizuj\u0105c\u0105 si\u0119 wy\u0142\u0105cznie w produkcji i podnoszeniu jako\u015bci stalowych kul miel\u0105cych przeznaczonych do mielenia surowc&oacute;w w cementowniach, zak\u0142adach energetycznych, g&oacute;rniczych i wydobywczych.<\/p>\r\n<p style=\"text-indent: 20px;\" align=\"justify\">Oferyjemy kule stalowe miel\u0105ce o \u015brednicy od 25mm do 120mm o r&oacute;\u017cnej jako\u015bci &ndash; III, IV i V grupy twardo\u015bci.<\/p>\r\n<p style=\"text-indent: 20px;\" align=\"justify\">Prosimy o <a href=\"\/pl\/formularz-opinii\" target=\"_blank\" rel=\"noopener\">wype\u0142nienie formularza<\/a> lub <a href=\"\/pl\/contacts\/\" target=\"_blank\" rel=\"noopener\">o kontakt<\/a> w celu wys\u0142ania zapytania.<\/p>\r\n<p style=\"text-indent: 20px;\" align=\"justify\">Dok\u0142adne przestrzeganie standard&oacute;w jako\u015bciowych, elastyczno\u015b\u0107 w asortymencie, wysoko wykwalifikowany personel, poziom interakcji z konsumentami &ndash; gwarancja wysokiej jako\u015bci naszych mielnik&oacute;w i partnerstwa z nami.<\/p>\r\n<p style=\"text-align: center;\"><img loading=\"lazy\" decoding=\"async\" src=\"\/wp-content\/uploads\/2016\/01\/111222-1.jpg\" alt=\"\" width=\"250\" height=\"250\" \/><img loading=\"lazy\" decoding=\"async\" src=\"\/wp-content\/uploads\/2016\/01\/1112-1.jpg\" alt=\"\" width=\"250\" height=\"250\" \/><img loading=\"lazy\" decoding=\"async\" src=\"\/wp-content\/uploads\/2016\/01\/1112223-1.jpg\" alt=\"\" width=\"250\" height=\"250\" \/><\/p>\r\n<p style=\"text-align: center;\"><img loading=\"lazy\" decoding=\"async\" src=\"\/wp-content\/uploads\/2015\/10\/11122-1-1122.jpg\" alt=\"\" width=\"250\" height=\"250\" \/> <img loading=\"lazy\" decoding=\"async\" src=\"\/wp-content\/uploads\/2015\/11\/555.png\" alt=\"\" width=\"250\" height=\"250\" \/> <img loading=\"lazy\" decoding=\"async\" src=\"\/wp-content\/uploads\/2015\/10\/DSCF04581-1-\u043a\u043e\u043f\u0438\u044f.jpg\" alt=\"\" width=\"250\" height=\"250\" \/><\/p>\r\n<p style=\"text-align: center;\">&nbsp;<\/p>\n                <\/div><\/div><!-- .module_cont --><\/div>","protected":false},"excerpt":{"rendered":"<p>Firma &bdquo;Energosteel&rdquo; jest jedyn\u0105 firm\u0105 w swojej bran\u017cy w Europie, specjalizuj\u0105c\u0105 si\u0119 wy\u0142\u0105cznie w produkcji i podnoszeniu jako\u015bci stalowych kul miel\u0105cych przeznaczonych do mielenia surowc&oacute;w w<span class=\"excerpt-hellip\"> [\u2026]<\/span><\/p>\n","protected":false},"author":4,"featured_media":0,"parent":0,"menu_order":0,"comment_status":"closed","ping_status":"closed","template":"","meta":{"footnotes":""},"class_list":["post-7784","page","type-page","status-publish","hentry"],"yoast_head":"<!-- This site is optimized with the Yoast SEO plugin v27.1.1 - https:\/\/yoast.com\/product\/yoast-seo-wordpress\/ -->\n<title>KUPI\u0106 KULE MIEL\u0104CE<\/title>\n<meta name=\"robots\" content=\"index, follow, max-snippet:-1, max-image-preview:large, max-video-preview:-1\" \/>\n<link rel=\"canonical\" href=\"https:\/\/energosteel.com\/pl\/produkty__trashed\/kupic-kule-mielace\/\" \/>\n<meta property=\"og:locale\" content=\"pl_PL\" \/>\n<meta property=\"og:type\" content=\"article\" \/>\n<meta property=\"og:title\" content=\"KUPI\u0106 KULE MIEL\u0104CE\" \/>\n<meta property=\"og:description\" content=\"Firma &bdquo;Energosteel&rdquo; jest jedyn\u0105 firm\u0105 w swojej bran\u017cy w Europie, specjalizuj\u0105c\u0105 si\u0119 wy\u0142\u0105cznie w produkcji i podnoszeniu jako\u015bci stalowych kul miel\u0105cych przeznaczonych do mielenia surowc&oacute;w w [\u2026]\" \/>\n<meta property=\"og:url\" content=\"https:\/\/energosteel.com\/pl\/produkty__trashed\/kupic-kule-mielace\/\" \/>\n<meta property=\"og:site_name\" content=\"Energosteel. Grinding Media Ball Manufacturer.\" \/>\n<meta property=\"article:modified_time\" content=\"2024-07-08T14:13:19+00:00\" \/>\n<meta name=\"twitter:card\" content=\"summary_large_image\" \/>\n<script type=\"application\/ld+json\" class=\"yoast-schema-graph\">{\"@context\":\"https:\/\/schema.org\",\"@graph\":[{\"@type\":\"WebPage\",\"@id\":\"https:\/\/energosteel.com\/pl\/produkty__trashed\/kupic-kule-mielace\/\",\"url\":\"https:\/\/energosteel.com\/pl\/produkty__trashed\/kupic-kule-mielace\/\",\"name\":\"KUPI\u0106 KULE MIEL\u0104CE\",\"isPartOf\":{\"@id\":\"https:\/\/energosteel.com\/#website\"},\"datePublished\":\"2018-06-14T09:57:57+00:00\",\"dateModified\":\"2024-07-08T14:13:19+00:00\",\"breadcrumb\":{\"@id\":\"https:\/\/energosteel.com\/pl\/produkty__trashed\/kupic-kule-mielace\/#breadcrumb\"},\"inLanguage\":\"pl-PL\",\"potentialAction\":[{\"@type\":\"ReadAction\",\"target\":[\"https:\/\/energosteel.com\/pl\/produkty__trashed\/kupic-kule-mielace\/\"]}]},{\"@type\":\"BreadcrumbList\",\"@id\":\"https:\/\/energosteel.com\/pl\/produkty__trashed\/kupic-kule-mielace\/#breadcrumb\",\"itemListElement\":[{\"@type\":\"ListItem\",\"position\":1,\"name\":\"\u0413\u043b\u0430\u0432\u043d\u0430\u044f \u0441\u0442\u0440\u0430\u043d\u0438\u0446\u0430\",\"item\":\"https:\/\/energosteel.com\/\"},{\"@type\":\"ListItem\",\"position\":2,\"name\":\"KUPI\u0106 KULE MIEL\u0104CE\"}]},{\"@type\":\"WebSite\",\"@id\":\"https:\/\/energosteel.com\/#website\",\"url\":\"https:\/\/energosteel.com\/\",\"name\":\"Energosteel. Grinding Media Ball Manufacturer.\",\"description\":\"Energosteel. Grinding Media Ball Manufacturer. Steel Grinding Balls.\",\"potentialAction\":[{\"@type\":\"SearchAction\",\"target\":{\"@type\":\"EntryPoint\",\"urlTemplate\":\"https:\/\/energosteel.com\/?s={search_term_string}\"},\"query-input\":{\"@type\":\"PropertyValueSpecification\",\"valueRequired\":true,\"valueName\":\"search_term_string\"}}],\"inLanguage\":\"pl-PL\"}]}<\/script>\n<!-- \/ Yoast SEO plugin. -->","yoast_head_json":{"title":"KUPI\u0106 KULE MIEL\u0104CE","robots":{"index":"index","follow":"follow","max-snippet":"max-snippet:-1","max-image-preview":"max-image-preview:large","max-video-preview":"max-video-preview:-1"},"canonical":"https:\/\/energosteel.com\/pl\/produkty__trashed\/kupic-kule-mielace\/","og_locale":"pl_PL","og_type":"article","og_title":"KUPI\u0106 KULE MIEL\u0104CE","og_description":"Firma &bdquo;Energosteel&rdquo; jest jedyn\u0105 firm\u0105 w swojej bran\u017cy w Europie, specjalizuj\u0105c\u0105 si\u0119 wy\u0142\u0105cznie w produkcji i podnoszeniu jako\u015bci stalowych kul miel\u0105cych przeznaczonych do mielenia surowc&oacute;w w [\u2026]","og_url":"https:\/\/energosteel.com\/pl\/produkty__trashed\/kupic-kule-mielace\/","og_site_name":"Energosteel. Grinding Media Ball Manufacturer.","article_modified_time":"2024-07-08T14:13:19+00:00","twitter_card":"summary_large_image","schema":{"@context":"https:\/\/schema.org","@graph":[{"@type":"WebPage","@id":"https:\/\/energosteel.com\/pl\/produkty__trashed\/kupic-kule-mielace\/","url":"https:\/\/energosteel.com\/pl\/produkty__trashed\/kupic-kule-mielace\/","name":"KUPI\u0106 KULE MIEL\u0104CE","isPartOf":{"@id":"https:\/\/energosteel.com\/#website"},"datePublished":"2018-06-14T09:57:57+00:00","dateModified":"2024-07-08T14:13:19+00:00","breadcrumb":{"@id":"https:\/\/energosteel.com\/pl\/produkty__trashed\/kupic-kule-mielace\/#breadcrumb"},"inLanguage":"pl-PL","potentialAction":[{"@type":"ReadAction","target":["https:\/\/energosteel.com\/pl\/produkty__trashed\/kupic-kule-mielace\/"]}]},{"@type":"BreadcrumbList","@id":"https:\/\/energosteel.com\/pl\/produkty__trashed\/kupic-kule-mielace\/#breadcrumb","itemListElement":[{"@type":"ListItem","position":1,"name":"\u0413\u043b\u0430\u0432\u043d\u0430\u044f \u0441\u0442\u0440\u0430\u043d\u0438\u0446\u0430","item":"https:\/\/energosteel.com\/"},{"@type":"ListItem","position":2,"name":"KUPI\u0106 KULE MIEL\u0104CE"}]},{"@type":"WebSite","@id":"https:\/\/energosteel.com\/#website","url":"https:\/\/energosteel.com\/","name":"Energosteel. Grinding Media Ball Manufacturer.","description":"Energosteel. Grinding Media Ball Manufacturer. Steel Grinding Balls.","potentialAction":[{"@type":"SearchAction","target":{"@type":"EntryPoint","urlTemplate":"https:\/\/energosteel.com\/?s={search_term_string}"},"query-input":{"@type":"PropertyValueSpecification","valueRequired":true,"valueName":"search_term_string"}}],"inLanguage":"pl-PL"}]}},"_links":{"self":[{"href":"https:\/\/energosteel.com\/pl\/wp-json\/wp\/v2\/pages\/7784","targetHints":{"allow":["GET"]}}],"collection":[{"href":"https:\/\/energosteel.com\/pl\/wp-json\/wp\/v2\/pages"}],"about":[{"href":"https:\/\/energosteel.com\/pl\/wp-json\/wp\/v2\/types\/page"}],"author":[{"embeddable":true,"href":"https:\/\/energosteel.com\/pl\/wp-json\/wp\/v2\/users\/4"}],"replies":[{"embeddable":true,"href":"https:\/\/energosteel.com\/pl\/wp-json\/wp\/v2\/comments?post=7784"}],"version-history":[{"count":0,"href":"https:\/\/energosteel.com\/pl\/wp-json\/wp\/v2\/pages\/7784\/revisions"}],"wp:attachment":[{"href":"https:\/\/energosteel.com\/pl\/wp-json\/wp\/v2\/media?parent=7784"}],"curies":[{"name":"wp","href":"https:\/\/api.w.org\/{rel}","templated":true}]}}