{"id":7790,"date":"2018-10-22T14:30:26","date_gmt":"2018-10-22T11:30:26","guid":{"rendered":"https:\/\/energosteel.com\/?page_id=7790"},"modified":"2023-03-03T15:38:58","modified_gmt":"2023-03-03T12:38:58","slug":"dane-techniczne","status":"publish","type":"page","link":"https:\/\/energosteel.com\/pl\/dane-techniczne\/","title":{"rendered":"DANE TECHNICZNE"},"content":{"rendered":"<table width=\"100%\">\n<tbody>\n<tr>\n<td style=\"text-align: center;\" rowspan=\"3\" bgcolor=\"#6a181e\" width=\"83\"><span style=\"color: #ffffff;\"><strong>\u015arednica, mm<\/strong><\/span><\/td>\n<td style=\"text-align: center;\" colspan=\"2\" bgcolor=\"#6a181e\" width=\"208\"><span style=\"color: #ffffff;\"><strong>Kule miel\u0105ce 3 \u2013 4 grupy twardo\u015bci ze \u015bredni\u0105 zawarto\u015bci\u0105 karbonu<\/strong><\/span><\/td>\n<td style=\"text-align: center;\" colspan=\"2\" bgcolor=\"#6a181e\" width=\"208\"><span style=\"color: #ffffff;\"><strong>Kule miel\u0105ce 4 \u2013 5 grupy twardo\u015bci z wysok\u0105 zawarto\u015bci\u0105 karbonu<\/strong><\/span><\/td>\n<td style=\"text-align: center;\" colspan=\"2\" bgcolor=\"#6a181e\" width=\"208\"><span style=\"color: #ffffff;\"><strong>Kule miel\u0105ce 6 grupy twardo\u015bci z wysok\u0105 zawarto\u015bci\u0105 karbonu i chromu<\/strong><\/span><\/td>\n<\/tr>\n<tr>\n<td style=\"text-align: center;\" colspan=\"2\" bgcolor=\"#6a181e\" width=\"208\"><span style=\"color: #ffffff;\"><strong>\u0421 (0,50 %\u00a0 &#8211; 0,70 %)<\/strong><\/span><\/td>\n<td style=\"text-align: center;\" colspan=\"2\" bgcolor=\"#6a181e\" width=\"208\"><span style=\"color: #ffffff;\"><strong>\u0421 (0,70 %\u00a0 &#8211; 1,00 %)<\/strong><\/span><\/td>\n<td style=\"text-align: center;\" colspan=\"2\" bgcolor=\"#6a181e\" width=\"208\"><span style=\"color: #ffffff;\"><strong>\u0421 (0,70 %\u00a0 &#8211; 1,00 %)<\/strong><\/span><\/p>\n<p><span style=\"color: #ffffff;\"><strong>Cr<\/strong><strong> (0,35 %\u00a0 &#8211; 1,50 %)<\/strong><\/span><\/td>\n<\/tr>\n<tr>\n<td style=\"text-align: center;\" bgcolor=\"#6a181e\" width=\"113\"><span style=\"color: #ffffff;\"><strong>Twardo\u015b\u0107 powierzchni, HRC<\/strong><\/span><\/td>\n<td style=\"text-align: center;\" bgcolor=\"#6a181e\" width=\"95\"><span style=\"color: #ffffff;\"><strong>Twardo\u015b\u0107 obj\u0119to\u015bciowa, HRC<\/strong><\/span><\/td>\n<td style=\"text-align: center;\" bgcolor=\"#6a181e\" width=\"113\"><span style=\"color: #ffffff;\"><strong>Twardo\u015b\u0107 powierzchni, HRC<\/strong><\/span><\/td>\n<td style=\"text-align: center;\" bgcolor=\"#6a181e\" width=\"94\"><span style=\"color: #ffffff;\"><strong>Twardo\u015b\u0107 obj\u0119to\u015bciowa, HRC<\/strong><\/span><\/td>\n<td style=\"text-align: center;\" bgcolor=\"#6a181e\" width=\"113\"><span style=\"color: #ffffff;\"><strong>Twardo\u015b\u0107 powierzchni, HRC<\/strong><\/span><\/td>\n<td style=\"text-align: center;\" bgcolor=\"#6a181e\" width=\"95\"><span style=\"color: #ffffff;\"><strong>Twardo\u015b\u0107 obj\u0119to\u015bciowa, HRC<\/strong><\/span><\/td>\n<\/tr>\n<tr>\n<td style=\"text-align: center;\" bgcolor=\"#bababa\" width=\"83\"><strong>20<\/strong><\/td>\n<td style=\"text-align: center;\" bgcolor=\"#bababa\" width=\"113\">55 \u2013 62<\/td>\n<td style=\"text-align: center;\" bgcolor=\"#bababa\" width=\"95\">50 \u2013 60<\/td>\n<td style=\"text-align: center;\" bgcolor=\"#bababa\" width=\"113\">60 \u2013 65<\/td>\n<td style=\"text-align: center;\" bgcolor=\"#bababa\" width=\"94\">58 \u2013 65<\/td>\n<td style=\"text-align: center;\" bgcolor=\"#bababa\" width=\"113\">62 \u2013 66<\/td>\n<td style=\"text-align: center;\" bgcolor=\"#bababa\" width=\"95\">min. 60<\/td>\n<\/tr>\n<tr>\n<td style=\"text-align: center;\" bgcolor=\"#6a181e\" width=\"83\"><span style=\"color: #ffffff;\"><strong>25<\/strong><\/span><\/td>\n<td style=\"text-align: center;\" bgcolor=\"#6a181e\" width=\"113\"><span style=\"color: #ffffff;\">55 \u2013 62<\/span><\/td>\n<td style=\"text-align: center;\" bgcolor=\"#6a181e\" width=\"95\"><span style=\"color: #ffffff;\">50 \u2013 60<\/span><\/td>\n<td style=\"text-align: center;\" bgcolor=\"#6a181e\" width=\"113\"><span style=\"color: #ffffff;\">60 \u2013 65<\/span><\/td>\n<td style=\"text-align: center;\" bgcolor=\"#6a181e\" width=\"94\"><span style=\"color: #ffffff;\">58 \u2013 65<\/span><\/td>\n<td style=\"text-align: center;\" bgcolor=\"#6a181e\" width=\"113\"><span style=\"color: #ffffff;\">62 \u2013 66<\/span><\/td>\n<td style=\"text-align: center;\" bgcolor=\"#6a181e\" width=\"95\"><span style=\"color: #ffffff;\">min. 60<\/span><\/td>\n<\/tr>\n<tr>\n<td style=\"text-align: center;\" bgcolor=\"#bababa\" width=\"83\"><strong>30<\/strong><\/td>\n<td style=\"text-align: center;\" bgcolor=\"#bababa\" width=\"113\">55 \u2013 62<\/td>\n<td style=\"text-align: center;\" bgcolor=\"#bababa\" width=\"95\">50 \u2013 60<\/td>\n<td style=\"text-align: center;\" bgcolor=\"#bababa\" width=\"113\">60 \u2013 65<\/td>\n<td style=\"text-align: center;\" bgcolor=\"#bababa\" width=\"94\">58 \u2013 65<\/td>\n<td style=\"text-align: center;\" bgcolor=\"#bababa\" width=\"113\">62 \u2013 66<\/td>\n<td style=\"text-align: center;\" bgcolor=\"#bababa\" width=\"95\">min. 60<\/td>\n<\/tr>\n<tr>\n<td style=\"text-align: center;\" bgcolor=\"#6a181e\" width=\"83\"><span style=\"color: #ffffff;\"><strong>40<\/strong><\/span><\/td>\n<td style=\"text-align: center;\" bgcolor=\"#6a181e\" width=\"113\"><span style=\"color: #ffffff;\">55 \u2013 62<\/span><\/td>\n<td style=\"text-align: center;\" bgcolor=\"#6a181e\" width=\"95\"><span style=\"color: #ffffff;\">50 \u2013 60<\/span><\/td>\n<td style=\"text-align: center;\" bgcolor=\"#6a181e\" width=\"113\"><span style=\"color: #ffffff;\">60 \u2013 65<\/span><\/td>\n<td style=\"text-align: center;\" bgcolor=\"#6a181e\" width=\"94\"><span style=\"color: #ffffff;\">57 \u2013 63<\/span><\/td>\n<td style=\"text-align: center;\" bgcolor=\"#6a181e\" width=\"113\"><span style=\"color: #ffffff;\">62 \u2013 66<\/span><\/td>\n<td style=\"text-align: center;\" bgcolor=\"#6a181e\" width=\"95\"><span style=\"color: #ffffff;\">min. 60<\/span><\/td>\n<\/tr>\n<tr>\n<td style=\"text-align: center;\" bgcolor=\"#bababa\" width=\"83\"><strong>50<\/strong><\/td>\n<td style=\"text-align: center;\" bgcolor=\"#bababa\" width=\"113\">55 \u2013 60<\/td>\n<td style=\"text-align: center;\" bgcolor=\"#bababa\" width=\"95\">50 \u2013 57<\/td>\n<td style=\"text-align: center;\" bgcolor=\"#bababa\" width=\"113\">58 \u2013 65<\/td>\n<td style=\"text-align: center;\" bgcolor=\"#bababa\" width=\"94\">57 \u2013 63<\/td>\n<td style=\"text-align: center;\" bgcolor=\"#bababa\" width=\"113\">60 \u2013 64<\/td>\n<td style=\"text-align: center;\" bgcolor=\"#bababa\" width=\"95\">min. 60<\/td>\n<\/tr>\n<tr>\n<td style=\"text-align: center;\" bgcolor=\"#6a181e\" width=\"83\"><span style=\"color: #ffffff;\"><strong>60<\/strong><\/span><\/td>\n<td style=\"text-align: center;\" bgcolor=\"#6a181e\" width=\"113\"><span style=\"color: #ffffff;\">55 \u2013 60<\/span><\/td>\n<td style=\"text-align: center;\" bgcolor=\"#6a181e\" width=\"95\"><span style=\"color: #ffffff;\">45 \u2013 50<\/span><\/td>\n<td style=\"text-align: center;\" bgcolor=\"#6a181e\" width=\"113\"><span style=\"color: #ffffff;\">57 \u2013 63<\/span><\/td>\n<td style=\"text-align: center;\" bgcolor=\"#6a181e\" width=\"94\"><span style=\"color: #ffffff;\">52 \u2013 58<\/span><\/td>\n<td style=\"text-align: center;\" bgcolor=\"#6a181e\" width=\"113\"><span style=\"color: #ffffff;\">60 \u2013 64<\/span><\/td>\n<td style=\"text-align: center;\" bgcolor=\"#6a181e\" width=\"95\"><span style=\"color: #ffffff;\">min. 60<\/span><\/td>\n<\/tr>\n<tr>\n<td style=\"text-align: center;\" bgcolor=\"#bababa\" width=\"83\"><strong>70<\/strong><\/td>\n<td style=\"text-align: center;\" bgcolor=\"#bababa\" width=\"113\">55 \u2013 60<\/td>\n<td style=\"text-align: center;\" bgcolor=\"#bababa\" width=\"95\">40 \u2013 50<\/td>\n<td style=\"text-align: center;\" bgcolor=\"#bababa\" width=\"113\">57 \u2013 63<\/td>\n<td style=\"text-align: center;\" bgcolor=\"#bababa\" width=\"94\">50 \u2013 55<\/td>\n<td style=\"text-align: center;\" bgcolor=\"#bababa\" width=\"113\">60 \u2013 64<\/td>\n<td style=\"text-align: center;\" bgcolor=\"#bababa\" width=\"95\">min. 60<\/td>\n<\/tr>\n<tr>\n<td style=\"text-align: center;\" bgcolor=\"#6a181e\" width=\"83\"><span style=\"color: #ffffff;\"><strong>80<\/strong><\/span><\/td>\n<td style=\"text-align: center;\" bgcolor=\"#6a181e\" width=\"113\"><span style=\"color: #ffffff;\">52 \u2013 57<\/span><\/td>\n<td style=\"text-align: center;\" bgcolor=\"#6a181e\" width=\"95\"><span style=\"color: #ffffff;\">40 \u2013 50<\/span><\/td>\n<td style=\"text-align: center;\" bgcolor=\"#6a181e\" width=\"113\"><span style=\"color: #ffffff;\">57 \u2013 63<\/span><\/td>\n<td style=\"text-align: center;\" bgcolor=\"#6a181e\" width=\"94\"><span style=\"color: #ffffff;\">47 \u2013 53<\/span><\/td>\n<td style=\"text-align: center;\" bgcolor=\"#6a181e\" width=\"113\"><span style=\"color: #ffffff;\">58 \u2013 62<\/span><\/td>\n<td style=\"text-align: center;\" bgcolor=\"#6a181e\" width=\"95\"><span style=\"color: #ffffff;\">min. 56<\/span><\/td>\n<\/tr>\n<tr>\n<td style=\"text-align: center;\" bgcolor=\"#bababa\" width=\"83\"><strong>90<\/strong><\/td>\n<td style=\"text-align: center;\" bgcolor=\"#bababa\" width=\"113\">52 \u2013 57<\/td>\n<td style=\"text-align: center;\" bgcolor=\"#bababa\" width=\"95\">40 \u2013 47<\/td>\n<td style=\"text-align: center;\" bgcolor=\"#bababa\" width=\"113\">57 \u2013 63<\/td>\n<td style=\"text-align: center;\" bgcolor=\"#bababa\" width=\"94\">45 \u2013 47<\/td>\n<td style=\"text-align: center;\" bgcolor=\"#bababa\" width=\"113\">58 \u2013 62<\/td>\n<td style=\"text-align: center;\" bgcolor=\"#bababa\" width=\"95\">min. 56<\/td>\n<\/tr>\n<tr>\n<td style=\"text-align: center;\" bgcolor=\"#6a181e\" width=\"83\"><span style=\"color: #ffffff;\"><strong>100<\/strong><\/span><\/td>\n<td style=\"text-align: center;\" bgcolor=\"#6a181e\" width=\"113\"><span style=\"color: #ffffff;\">52 \u2013 57<\/span><\/td>\n<td style=\"text-align: center;\" bgcolor=\"#6a181e\" width=\"95\"><span style=\"color: #ffffff;\">40 \u2013 47<\/span><\/td>\n<td style=\"text-align: center;\" bgcolor=\"#6a181e\" width=\"113\"><span style=\"color: #ffffff;\">57 \u2013 63<\/span><\/td>\n<td style=\"text-align: center;\" bgcolor=\"#6a181e\" width=\"94\"><span style=\"color: #ffffff;\">45 \u2013 47<\/span><\/td>\n<td style=\"text-align: center;\" bgcolor=\"#6a181e\" width=\"113\"><span style=\"color: #ffffff;\">58 \u2013 62<\/span><\/td>\n<td style=\"text-align: center;\" bgcolor=\"#6a181e\" width=\"95\"><span style=\"color: #ffffff;\">min. 56<\/span><\/td>\n<\/tr>\n<tr>\n<td style=\"text-align: center;\" bgcolor=\"#bababa\" width=\"83\"><strong>120 (125)<\/strong><\/td>\n<td style=\"text-align: center;\" bgcolor=\"#bababa\" width=\"113\">50 \u2013 55<\/td>\n<td style=\"text-align: center;\" bgcolor=\"#bababa\" width=\"95\">35 \u2013 45<\/td>\n<td style=\"text-align: center;\" bgcolor=\"#bababa\" width=\"113\">57 \u2013 63<\/td>\n<td style=\"text-align: center;\" bgcolor=\"#bababa\" width=\"94\">42 \u2013 45<\/td>\n<td style=\"text-align: center;\" bgcolor=\"#bababa\" width=\"113\">58 \u2013 62<\/td>\n<td style=\"text-align: center;\" bgcolor=\"#bababa\" width=\"95\">min. 56<\/td>\n<\/tr>\n<\/tbody>\n<\/table>\n<div class='gt3_row-fluid'><div style='padding-bottom:5px;' class='gt3_col12 first-module module_number_1 module_cont  module_divider'><hr class=\"no_line\" style=\"margin: 0 auto 0px auto\"\/>\n<\/div><!-- .module_cont --><\/div><div class='gt3_row-fluid'><div style='padding-bottom:5px;' class='gt3_col12  module_number_2 module_cont  module_gallery'><div class='list-of-images images_in_a_row_4'>\r\n                        <div class=\"gallery_item\">\r\n\t\t\t\t\t\t\t<div class=\"gallery_item_padding\">\r\n\t\t\t\t\t\t\t\t<div class=\"gallery_item_wrapper\"><a href=\"\" class=\"prettyPhoto\" rel=\"prettyPhoto[gallery1]\" title=\"\"><\/a><img loading=\"lazy\" decoding=\"async\" class=\"gallery-stand-img\" src=\"\" alt=\"\" width=\"540\" height=\"392\">\r\n\t\t\t\t\t\t\t\t\t<div class=\"gallery_fadder\"><\/div>\r\n\t\t\t\t\t\t\t\t\t<span class=\"gallery_ico\"><i class=\"stand_icon icon-search\"><\/i><\/span>\r\n\t\t\t\t\t\t\t\t<\/div>\r\n\t\t\t\t\t\t\t<\/div>\r\n                        <\/div>\r\n                        \r\n                        <div class=\"gallery_item\">\r\n\t\t\t\t\t\t\t<div class=\"gallery_item_padding\">\r\n\t\t\t\t\t\t\t\t<div class=\"gallery_item_wrapper\"><a href=\"\" class=\"prettyPhoto\" rel=\"prettyPhoto[gallery1]\" title=\"\"><\/a><img loading=\"lazy\" decoding=\"async\" class=\"gallery-stand-img\" src=\"\" alt=\"\" width=\"540\" height=\"392\">\r\n\t\t\t\t\t\t\t\t\t<div class=\"gallery_fadder\"><\/div>\r\n\t\t\t\t\t\t\t\t\t<span class=\"gallery_ico\"><i class=\"stand_icon icon-search\"><\/i><\/span>\r\n\t\t\t\t\t\t\t\t<\/div>\r\n\t\t\t\t\t\t\t<\/div>\r\n                        <\/div>\r\n                        \r\n                        <div class=\"gallery_item\">\r\n\t\t\t\t\t\t\t<div class=\"gallery_item_padding\">\r\n\t\t\t\t\t\t\t\t<div class=\"gallery_item_wrapper\"><a href=\"\" class=\"prettyPhoto\" rel=\"prettyPhoto[gallery1]\" title=\"\"><\/a><img loading=\"lazy\" decoding=\"async\" class=\"gallery-stand-img\" src=\"\" alt=\"\" width=\"540\" height=\"392\">\r\n\t\t\t\t\t\t\t\t\t<div class=\"gallery_fadder\"><\/div>\r\n\t\t\t\t\t\t\t\t\t<span class=\"gallery_ico\"><i class=\"stand_icon icon-search\"><\/i><\/span>\r\n\t\t\t\t\t\t\t\t<\/div>\r\n\t\t\t\t\t\t\t<\/div>\r\n                        <\/div>\r\n                        \r\n                        <div class=\"gallery_item\">\r\n\t\t\t\t\t\t\t<div class=\"gallery_item_padding\">\r\n\t\t\t\t\t\t\t\t<div class=\"gallery_item_wrapper\"><a href=\"\" class=\"prettyPhoto\" rel=\"prettyPhoto[gallery1]\" title=\"\"><\/a><img loading=\"lazy\" decoding=\"async\" class=\"gallery-stand-img\" src=\"\" alt=\"\" width=\"540\" height=\"392\">\r\n\t\t\t\t\t\t\t\t\t<div class=\"gallery_fadder\"><\/div>\r\n\t\t\t\t\t\t\t\t\t<span class=\"gallery_ico\"><i class=\"stand_icon icon-search\"><\/i><\/span>\r\n\t\t\t\t\t\t\t\t<\/div>\r\n\t\t\t\t\t\t\t<\/div>\r\n                        <\/div>\r\n                        \r\n                        <div class=\"gallery_item\">\r\n\t\t\t\t\t\t\t<div class=\"gallery_item_padding\">\r\n\t\t\t\t\t\t\t\t<div class=\"gallery_item_wrapper\"><a href=\"\" class=\"prettyPhoto\" rel=\"prettyPhoto[gallery1]\" title=\"\"><\/a><img loading=\"lazy\" decoding=\"async\" class=\"gallery-stand-img\" src=\"\" alt=\"\" width=\"540\" height=\"392\">\r\n\t\t\t\t\t\t\t\t\t<div class=\"gallery_fadder\"><\/div>\r\n\t\t\t\t\t\t\t\t\t<span class=\"gallery_ico\"><i class=\"stand_icon icon-search\"><\/i><\/span>\r\n\t\t\t\t\t\t\t\t<\/div>\r\n\t\t\t\t\t\t\t<\/div>\r\n                        <\/div>\r\n                        \r\n                        <div class=\"gallery_item\">\r\n\t\t\t\t\t\t\t<div class=\"gallery_item_padding\">\r\n\t\t\t\t\t\t\t\t<div class=\"gallery_item_wrapper\"><a href=\"\" class=\"prettyPhoto\" rel=\"prettyPhoto[gallery1]\" title=\"\"><\/a><img loading=\"lazy\" decoding=\"async\" class=\"gallery-stand-img\" src=\"\" alt=\"\" width=\"540\" height=\"392\">\r\n\t\t\t\t\t\t\t\t\t<div class=\"gallery_fadder\"><\/div>\r\n\t\t\t\t\t\t\t\t\t<span class=\"gallery_ico\"><i class=\"stand_icon icon-search\"><\/i><\/span>\r\n\t\t\t\t\t\t\t\t<\/div>\r\n\t\t\t\t\t\t\t<\/div>\r\n                        <\/div>\r\n                        \r\n                        <div class=\"gallery_item\">\r\n\t\t\t\t\t\t\t<div class=\"gallery_item_padding\">\r\n\t\t\t\t\t\t\t\t<div class=\"gallery_item_wrapper\"><a href=\"\" class=\"prettyPhoto\" rel=\"prettyPhoto[gallery1]\" title=\"\"><\/a><img loading=\"lazy\" decoding=\"async\" class=\"gallery-stand-img\" src=\"\" alt=\"\" width=\"540\" height=\"392\">\r\n\t\t\t\t\t\t\t\t\t<div class=\"gallery_fadder\"><\/div>\r\n\t\t\t\t\t\t\t\t\t<span class=\"gallery_ico\"><i class=\"stand_icon icon-search\"><\/i><\/span>\r\n\t\t\t\t\t\t\t\t<\/div>\r\n\t\t\t\t\t\t\t<\/div>\r\n                        <\/div>\r\n                        \r\n                        <div class=\"gallery_item\">\r\n\t\t\t\t\t\t\t<div class=\"gallery_item_padding\">\r\n\t\t\t\t\t\t\t\t<div class=\"gallery_item_wrapper\"><a href=\"\" class=\"prettyPhoto\" rel=\"prettyPhoto[gallery1]\" title=\"\"><\/a><img loading=\"lazy\" decoding=\"async\" class=\"gallery-stand-img\" src=\"\" alt=\"\" width=\"540\" height=\"392\">\r\n\t\t\t\t\t\t\t\t\t<div class=\"gallery_fadder\"><\/div>\r\n\t\t\t\t\t\t\t\t\t<span class=\"gallery_ico\"><i class=\"stand_icon icon-search\"><\/i><\/span>\r\n\t\t\t\t\t\t\t\t<\/div>\r\n\t\t\t\t\t\t\t<\/div>\r\n                        <\/div>\r\n                        \r\n                        <div class=\"gallery_item\">\r\n\t\t\t\t\t\t\t<div class=\"gallery_item_padding\">\r\n\t\t\t\t\t\t\t\t<div class=\"gallery_item_wrapper\"><a href=\"\" class=\"prettyPhoto\" rel=\"prettyPhoto[gallery1]\" title=\"\"><\/a><img loading=\"lazy\" decoding=\"async\" class=\"gallery-stand-img\" src=\"\" alt=\"\" width=\"540\" height=\"392\">\r\n\t\t\t\t\t\t\t\t\t<div class=\"gallery_fadder\"><\/div>\r\n\t\t\t\t\t\t\t\t\t<span class=\"gallery_ico\"><i class=\"stand_icon icon-search\"><\/i><\/span>\r\n\t\t\t\t\t\t\t\t<\/div>\r\n\t\t\t\t\t\t\t<\/div>\r\n                        <\/div>\r\n                        \r\n                        <div class=\"gallery_item\">\r\n\t\t\t\t\t\t\t<div class=\"gallery_item_padding\">\r\n\t\t\t\t\t\t\t\t<div class=\"gallery_item_wrapper\"><a href=\"\" class=\"prettyPhoto\" rel=\"prettyPhoto[gallery1]\" title=\"\"><\/a><img loading=\"lazy\" decoding=\"async\" class=\"gallery-stand-img\" src=\"\" alt=\"\" width=\"540\" height=\"392\">\r\n\t\t\t\t\t\t\t\t\t<div class=\"gallery_fadder\"><\/div>\r\n\t\t\t\t\t\t\t\t\t<span class=\"gallery_ico\"><i class=\"stand_icon icon-search\"><\/i><\/span>\r\n\t\t\t\t\t\t\t\t<\/div>\r\n\t\t\t\t\t\t\t<\/div>\r\n                        <\/div>\r\n                        \r\n                        <div class=\"gallery_item\">\r\n\t\t\t\t\t\t\t<div class=\"gallery_item_padding\">\r\n\t\t\t\t\t\t\t\t<div class=\"gallery_item_wrapper\"><a href=\"\" class=\"prettyPhoto\" rel=\"prettyPhoto[gallery1]\" title=\"\"><\/a><img loading=\"lazy\" decoding=\"async\" class=\"gallery-stand-img\" src=\"\" alt=\"\" width=\"540\" height=\"392\">\r\n\t\t\t\t\t\t\t\t\t<div class=\"gallery_fadder\"><\/div>\r\n\t\t\t\t\t\t\t\t\t<span class=\"gallery_ico\"><i class=\"stand_icon icon-search\"><\/i><\/span>\r\n\t\t\t\t\t\t\t\t<\/div>\r\n\t\t\t\t\t\t\t<\/div>\r\n                        <\/div>\r\n                        \r\n                        <div class=\"gallery_item\">\r\n\t\t\t\t\t\t\t<div class=\"gallery_item_padding\">\r\n\t\t\t\t\t\t\t\t<div class=\"gallery_item_wrapper\"><a href=\"\" class=\"prettyPhoto\" rel=\"prettyPhoto[gallery1]\" title=\"\"><\/a><img loading=\"lazy\" decoding=\"async\" class=\"gallery-stand-img\" src=\"\" alt=\"\" width=\"540\" height=\"392\">\r\n\t\t\t\t\t\t\t\t\t<div class=\"gallery_fadder\"><\/div>\r\n\t\t\t\t\t\t\t\t\t<span class=\"gallery_ico\"><i class=\"stand_icon icon-search\"><\/i><\/span>\r\n\t\t\t\t\t\t\t\t<\/div>\r\n\t\t\t\t\t\t\t<\/div>\r\n                        <\/div>\r\n                        \r\n            <div class='clear'><\/div>\r\n            <\/div>\r\n            \r\n\t\t\t<script>\r\n\t\t\t\tjQuery(document).ready(function($) {\r\n\t\t\t\t\tjQuery('.prettyPhoto').prettyPhoto();\r\n\t\t\t\t});\r\n\t\t\t<\/script>\r\n\t\t\t<\/div><!-- .module_cont --><\/div>","protected":false},"excerpt":{"rendered":"<p>\u015arednica, mm Kule miel\u0105ce 3 \u2013 4 grupy twardo\u015bci ze \u015bredni\u0105 zawarto\u015bci\u0105 karbonu Kule miel\u0105ce 4 \u2013 5 grupy twardo\u015bci z wysok\u0105 zawarto\u015bci\u0105 karbonu Kule miel\u0105ce<span class=\"excerpt-hellip\"> [\u2026]<\/span><\/p>\n","protected":false},"author":4,"featured_media":0,"parent":0,"menu_order":0,"comment_status":"closed","ping_status":"closed","template":"","meta":{"footnotes":""},"class_list":["post-7790","page","type-page","status-publish","hentry"],"yoast_head":"<!-- This site is optimized with the Yoast SEO plugin v27.1.1 - https:\/\/yoast.com\/product\/yoast-seo-wordpress\/ -->\n<title>DANE TECHNICZNE<\/title>\n<meta name=\"robots\" content=\"index, follow, max-snippet:-1, max-image-preview:large, max-video-preview:-1\" \/>\n<link rel=\"canonical\" href=\"https:\/\/energosteel.com\/pl\/produkty__trashed\/dane-techniczne\/\" \/>\n<meta property=\"og:locale\" content=\"pl_PL\" \/>\n<meta property=\"og:type\" content=\"article\" \/>\n<meta property=\"og:title\" content=\"DANE TECHNICZNE\" \/>\n<meta property=\"og:description\" content=\"\u015arednica, mm Kule miel\u0105ce 3 \u2013 4 grupy twardo\u015bci ze \u015bredni\u0105 zawarto\u015bci\u0105 karbonu Kule miel\u0105ce 4 \u2013 5 grupy twardo\u015bci z wysok\u0105 zawarto\u015bci\u0105 karbonu Kule miel\u0105ce [\u2026]\" \/>\n<meta property=\"og:url\" content=\"https:\/\/energosteel.com\/pl\/produkty__trashed\/dane-techniczne\/\" \/>\n<meta property=\"og:site_name\" content=\"Energosteel. Grinding Media Ball Manufacturer.\" \/>\n<meta property=\"article:modified_time\" content=\"2023-03-03T12:38:58+00:00\" \/>\n<meta name=\"twitter:card\" content=\"summary_large_image\" \/>\n<script type=\"application\/ld+json\" class=\"yoast-schema-graph\">{\"@context\":\"https:\/\/schema.org\",\"@graph\":[{\"@type\":\"WebPage\",\"@id\":\"https:\/\/energosteel.com\/pl\/produkty__trashed\/dane-techniczne\/\",\"url\":\"https:\/\/energosteel.com\/pl\/produkty__trashed\/dane-techniczne\/\",\"name\":\"DANE TECHNICZNE\",\"isPartOf\":{\"@id\":\"https:\/\/energosteel.com\/#website\"},\"datePublished\":\"2018-10-22T11:30:26+00:00\",\"dateModified\":\"2023-03-03T12:38:58+00:00\",\"breadcrumb\":{\"@id\":\"https:\/\/energosteel.com\/pl\/produkty__trashed\/dane-techniczne\/#breadcrumb\"},\"inLanguage\":\"pl-PL\",\"potentialAction\":[{\"@type\":\"ReadAction\",\"target\":[\"https:\/\/energosteel.com\/pl\/produkty__trashed\/dane-techniczne\/\"]}]},{\"@type\":\"BreadcrumbList\",\"@id\":\"https:\/\/energosteel.com\/pl\/produkty__trashed\/dane-techniczne\/#breadcrumb\",\"itemListElement\":[{\"@type\":\"ListItem\",\"position\":1,\"name\":\"\u0413\u043b\u0430\u0432\u043d\u0430\u044f \u0441\u0442\u0440\u0430\u043d\u0438\u0446\u0430\",\"item\":\"https:\/\/energosteel.com\/\"},{\"@type\":\"ListItem\",\"position\":2,\"name\":\"DANE TECHNICZNE\"}]},{\"@type\":\"WebSite\",\"@id\":\"https:\/\/energosteel.com\/#website\",\"url\":\"https:\/\/energosteel.com\/\",\"name\":\"Energosteel. Grinding Media Ball Manufacturer.\",\"description\":\"Energosteel. Grinding Media Ball Manufacturer. Steel Grinding Balls.\",\"potentialAction\":[{\"@type\":\"SearchAction\",\"target\":{\"@type\":\"EntryPoint\",\"urlTemplate\":\"https:\/\/energosteel.com\/?s={search_term_string}\"},\"query-input\":{\"@type\":\"PropertyValueSpecification\",\"valueRequired\":true,\"valueName\":\"search_term_string\"}}],\"inLanguage\":\"pl-PL\"}]}<\/script>\n<!-- \/ Yoast SEO plugin. -->","yoast_head_json":{"title":"DANE TECHNICZNE","robots":{"index":"index","follow":"follow","max-snippet":"max-snippet:-1","max-image-preview":"max-image-preview:large","max-video-preview":"max-video-preview:-1"},"canonical":"https:\/\/energosteel.com\/pl\/produkty__trashed\/dane-techniczne\/","og_locale":"pl_PL","og_type":"article","og_title":"DANE TECHNICZNE","og_description":"\u015arednica, mm Kule miel\u0105ce 3 \u2013 4 grupy twardo\u015bci ze \u015bredni\u0105 zawarto\u015bci\u0105 karbonu Kule miel\u0105ce 4 \u2013 5 grupy twardo\u015bci z wysok\u0105 zawarto\u015bci\u0105 karbonu Kule miel\u0105ce [\u2026]","og_url":"https:\/\/energosteel.com\/pl\/produkty__trashed\/dane-techniczne\/","og_site_name":"Energosteel. Grinding Media Ball Manufacturer.","article_modified_time":"2023-03-03T12:38:58+00:00","twitter_card":"summary_large_image","schema":{"@context":"https:\/\/schema.org","@graph":[{"@type":"WebPage","@id":"https:\/\/energosteel.com\/pl\/produkty__trashed\/dane-techniczne\/","url":"https:\/\/energosteel.com\/pl\/produkty__trashed\/dane-techniczne\/","name":"DANE TECHNICZNE","isPartOf":{"@id":"https:\/\/energosteel.com\/#website"},"datePublished":"2018-10-22T11:30:26+00:00","dateModified":"2023-03-03T12:38:58+00:00","breadcrumb":{"@id":"https:\/\/energosteel.com\/pl\/produkty__trashed\/dane-techniczne\/#breadcrumb"},"inLanguage":"pl-PL","potentialAction":[{"@type":"ReadAction","target":["https:\/\/energosteel.com\/pl\/produkty__trashed\/dane-techniczne\/"]}]},{"@type":"BreadcrumbList","@id":"https:\/\/energosteel.com\/pl\/produkty__trashed\/dane-techniczne\/#breadcrumb","itemListElement":[{"@type":"ListItem","position":1,"name":"\u0413\u043b\u0430\u0432\u043d\u0430\u044f \u0441\u0442\u0440\u0430\u043d\u0438\u0446\u0430","item":"https:\/\/energosteel.com\/"},{"@type":"ListItem","position":2,"name":"DANE TECHNICZNE"}]},{"@type":"WebSite","@id":"https:\/\/energosteel.com\/#website","url":"https:\/\/energosteel.com\/","name":"Energosteel. Grinding Media Ball Manufacturer.","description":"Energosteel. Grinding Media Ball Manufacturer. Steel Grinding Balls.","potentialAction":[{"@type":"SearchAction","target":{"@type":"EntryPoint","urlTemplate":"https:\/\/energosteel.com\/?s={search_term_string}"},"query-input":{"@type":"PropertyValueSpecification","valueRequired":true,"valueName":"search_term_string"}}],"inLanguage":"pl-PL"}]}},"_links":{"self":[{"href":"https:\/\/energosteel.com\/pl\/wp-json\/wp\/v2\/pages\/7790","targetHints":{"allow":["GET"]}}],"collection":[{"href":"https:\/\/energosteel.com\/pl\/wp-json\/wp\/v2\/pages"}],"about":[{"href":"https:\/\/energosteel.com\/pl\/wp-json\/wp\/v2\/types\/page"}],"author":[{"embeddable":true,"href":"https:\/\/energosteel.com\/pl\/wp-json\/wp\/v2\/users\/4"}],"replies":[{"embeddable":true,"href":"https:\/\/energosteel.com\/pl\/wp-json\/wp\/v2\/comments?post=7790"}],"version-history":[{"count":0,"href":"https:\/\/energosteel.com\/pl\/wp-json\/wp\/v2\/pages\/7790\/revisions"}],"wp:attachment":[{"href":"https:\/\/energosteel.com\/pl\/wp-json\/wp\/v2\/media?parent=7790"}],"curies":[{"name":"wp","href":"https:\/\/api.w.org\/{rel}","templated":true}]}}