{"id":7804,"date":"2016-12-21T01:16:48","date_gmt":"2016-12-20T22:16:48","guid":{"rendered":"https:\/\/energosteel.com\/?page_id=7804"},"modified":"2023-03-03T15:53:57","modified_gmt":"2023-03-03T12:53:57","slug":"dstu-8538-2015-kule-stalowe-mielace-do-mlynow-kulowych","status":"publish","type":"page","link":"https:\/\/energosteel.com\/pl\/dstu-8538-2015-kule-stalowe-mielace-do-mlynow-kulowych\/","title":{"rendered":"DSTU 8538:2015 KULE STALOWE MIEL\u0104CE DO M\u0141YN\u00d3W KULOWYCH"},"content":{"rendered":"<p style=\"text-indent: 20px;\" align=\"justify\">Ukrai\u0144ska norma pa\u0144stwowa (wydanie z 2015 r.) dotyczy kul miel\u0105cych wytwarzanych metod\u0105 walcowania i  t\u0142oczenia oraz stosowanych do mielenia surowc\u00f3w w m\u0142ynach kulowych. Niniejszy dokument opisuje wymagania dotycz\u0105ce surowc\u00f3w i wyrob\u00f3w gotowych (kule); klasyfikacja kul miel\u0105cych wed\u0142ug grup twardo\u015bci i wymaga\u0144; reguluje zasady etykietowania, pakowania, dostawy\/odbioru, transportu i przechowywania. Dokument opisuje r\u00f3wnie\u017c zasady i spos\u00f3b kontroli jako\u015bci wyrob\u00f3w gotowych. Norma obowi\u0105zuje na terenie Ukrainy.<\/p>\n<p><sup><a href=\"\/wp-content\/uploads\/2020\/10\/DSTU-8538-2015.pdf\" target=\"_blank\" rel=\"noopener noreferrer\">otworzy\u0107 PDF<\/a><\/sup><\/p>\n<p>Do strony g\u0142\u00f3wnej o <a href=\"https:\/\/energosteel.com\/pl\/\">stalowych kulach miel\u0105cych.<\/a>.<\/p>\n<div class='gt3_row-fluid'><div style='padding-bottom:5px;' class='gt3_col12 first-module module_number_1 module_cont  module_divider'><hr class=\"no_line\" style=\"margin: 0 auto 0px auto\"\/>\n<\/div><!-- .module_cont --><\/div><div class='gt3_row-fluid'><div style='padding-bottom:5px;' class='gt3_col12  module_number_2 module_cont  module_html'>\n                <div class='module_content'>\n                    <p><a href=\"https:\/\/energosteel.com\/pl\/products\/grinding-balls-buy\/\" target=\"_blank\" rel=\"noopener\"><img loading=\"lazy\" decoding=\"async\" class=\"aligncenter size-full wp-image-5823\" src=\"https:\/\/energosteel.com\/wp-content\/uploads\/2020\/03\/20200302_baner-1.jpg\" alt=\"\" width=\"860\" height=\"279\" srcset=\"https:\/\/energosteel.com\/wp-content\/uploads\/2020\/03\/20200302_baner-1.jpg 860w, https:\/\/energosteel.com\/wp-content\/uploads\/2020\/03\/20200302_baner-1-300x97.jpg 300w, https:\/\/energosteel.com\/wp-content\/uploads\/2020\/03\/20200302_baner-1-768x249.jpg 768w, https:\/\/energosteel.com\/wp-content\/uploads\/2020\/03\/20200302_baner-1-150x49.jpg 150w, https:\/\/energosteel.com\/wp-content\/uploads\/2020\/03\/20200302_baner-1-480x156.jpg 480w, https:\/\/energosteel.com\/wp-content\/uploads\/2020\/03\/20200302_baner-1-24x8.jpg 24w, https:\/\/energosteel.com\/wp-content\/uploads\/2020\/03\/20200302_baner-1-36x12.jpg 36w, https:\/\/energosteel.com\/wp-content\/uploads\/2020\/03\/20200302_baner-1-48x16.jpg 48w\" sizes=\"auto, (max-width:767px) 480px, (max-width:860px) 100vw, 860px\" \/><\/a><\/p>\n                <\/div><\/div><!-- .module_cont --><\/div>","protected":false},"excerpt":{"rendered":"<p>Ukrai\u0144ska norma pa\u0144stwowa (wydanie z 2015 r.) dotyczy kul miel\u0105cych wytwarzanych metod\u0105 walcowania i t\u0142oczenia oraz stosowanych do mielenia surowc\u00f3w w m\u0142ynach kulowych. Niniejszy dokument opisuje<span class=\"excerpt-hellip\"> [\u2026]<\/span><\/p>\n","protected":false},"author":4,"featured_media":0,"parent":0,"menu_order":0,"comment_status":"closed","ping_status":"closed","template":"","meta":{"footnotes":""},"class_list":["post-7804","page","type-page","status-publish","hentry"],"yoast_head":"<!-- This site is optimized with the Yoast SEO plugin v27.1.1 - https:\/\/yoast.com\/product\/yoast-seo-wordpress\/ -->\n<title>DSTU 8538:2015 KULE STALOWE MIEL\u0104CE DO M\u0141YN\u00d3W KULOWYCH<\/title>\n<meta name=\"robots\" content=\"index, follow, max-snippet:-1, max-image-preview:large, max-video-preview:-1\" \/>\n<link rel=\"canonical\" href=\"https:\/\/energosteel.com\/library\/standards\/dstu-85382015\/\" \/>\n<meta property=\"og:locale\" content=\"pl_PL\" \/>\n<meta property=\"og:type\" content=\"article\" \/>\n<meta property=\"og:title\" content=\"DSTU 8538:2015 KULE STALOWE MIEL\u0104CE DO M\u0141YN\u00d3W KULOWYCH\" \/>\n<meta property=\"og:description\" content=\"Ukrai\u0144ska norma pa\u0144stwowa (wydanie z 2015 r.) dotyczy kul miel\u0105cych wytwarzanych metod\u0105 walcowania i t\u0142oczenia oraz stosowanych do mielenia surowc\u00f3w w m\u0142ynach kulowych. Niniejszy dokument opisuje [\u2026]\" \/>\n<meta property=\"og:url\" content=\"https:\/\/energosteel.com\/library\/standards\/dstu-85382015\/\" \/>\n<meta property=\"og:site_name\" content=\"Energosteel. Grinding Media Ball Manufacturer.\" \/>\n<meta property=\"article:modified_time\" content=\"2023-03-03T12:53:57+00:00\" \/>\n<meta name=\"twitter:card\" content=\"summary_large_image\" \/>\n<script type=\"application\/ld+json\" class=\"yoast-schema-graph\">{\"@context\":\"https:\/\/schema.org\",\"@graph\":[{\"@type\":\"WebPage\",\"@id\":\"https:\/\/energosteel.com\/library\/standards\/dstu-85382015\/\",\"url\":\"https:\/\/energosteel.com\/library\/standards\/dstu-85382015\/\",\"name\":\"DSTU 8538:2015 KULE STALOWE MIEL\u0104CE DO M\u0141YN\u00d3W KULOWYCH\",\"isPartOf\":{\"@id\":\"https:\/\/energosteel.com\/#website\"},\"datePublished\":\"2016-12-20T22:16:48+00:00\",\"dateModified\":\"2023-03-03T12:53:57+00:00\",\"breadcrumb\":{\"@id\":\"https:\/\/energosteel.com\/library\/standards\/dstu-85382015\/#breadcrumb\"},\"inLanguage\":\"pl-PL\",\"potentialAction\":[{\"@type\":\"ReadAction\",\"target\":[\"https:\/\/energosteel.com\/library\/standards\/dstu-85382015\/\"]}]},{\"@type\":\"BreadcrumbList\",\"@id\":\"https:\/\/energosteel.com\/library\/standards\/dstu-85382015\/#breadcrumb\",\"itemListElement\":[{\"@type\":\"ListItem\",\"position\":1,\"name\":\"\u0413\u043b\u0430\u0432\u043d\u0430\u044f \u0441\u0442\u0440\u0430\u043d\u0438\u0446\u0430\",\"item\":\"https:\/\/energosteel.com\/\"},{\"@type\":\"ListItem\",\"position\":2,\"name\":\"DSTU 8538:2015 KULE STALOWE MIEL\u0104CE DO M\u0141YN\u00d3W KULOWYCH\"}]},{\"@type\":\"WebSite\",\"@id\":\"https:\/\/energosteel.com\/#website\",\"url\":\"https:\/\/energosteel.com\/\",\"name\":\"Energosteel. Grinding Media Ball Manufacturer.\",\"description\":\"Energosteel. Grinding Media Ball Manufacturer. Steel Grinding Balls.\",\"potentialAction\":[{\"@type\":\"SearchAction\",\"target\":{\"@type\":\"EntryPoint\",\"urlTemplate\":\"https:\/\/energosteel.com\/?s={search_term_string}\"},\"query-input\":{\"@type\":\"PropertyValueSpecification\",\"valueRequired\":true,\"valueName\":\"search_term_string\"}}],\"inLanguage\":\"pl-PL\"}]}<\/script>\n<!-- \/ Yoast SEO plugin. -->","yoast_head_json":{"title":"DSTU 8538:2015 KULE STALOWE MIEL\u0104CE DO M\u0141YN\u00d3W KULOWYCH","robots":{"index":"index","follow":"follow","max-snippet":"max-snippet:-1","max-image-preview":"max-image-preview:large","max-video-preview":"max-video-preview:-1"},"canonical":"https:\/\/energosteel.com\/library\/standards\/dstu-85382015\/","og_locale":"pl_PL","og_type":"article","og_title":"DSTU 8538:2015 KULE STALOWE MIEL\u0104CE DO M\u0141YN\u00d3W KULOWYCH","og_description":"Ukrai\u0144ska norma pa\u0144stwowa (wydanie z 2015 r.) dotyczy kul miel\u0105cych wytwarzanych metod\u0105 walcowania i t\u0142oczenia oraz stosowanych do mielenia surowc\u00f3w w m\u0142ynach kulowych. Niniejszy dokument opisuje [\u2026]","og_url":"https:\/\/energosteel.com\/library\/standards\/dstu-85382015\/","og_site_name":"Energosteel. Grinding Media Ball Manufacturer.","article_modified_time":"2023-03-03T12:53:57+00:00","twitter_card":"summary_large_image","schema":{"@context":"https:\/\/schema.org","@graph":[{"@type":"WebPage","@id":"https:\/\/energosteel.com\/library\/standards\/dstu-85382015\/","url":"https:\/\/energosteel.com\/library\/standards\/dstu-85382015\/","name":"DSTU 8538:2015 KULE STALOWE MIEL\u0104CE DO M\u0141YN\u00d3W KULOWYCH","isPartOf":{"@id":"https:\/\/energosteel.com\/#website"},"datePublished":"2016-12-20T22:16:48+00:00","dateModified":"2023-03-03T12:53:57+00:00","breadcrumb":{"@id":"https:\/\/energosteel.com\/library\/standards\/dstu-85382015\/#breadcrumb"},"inLanguage":"pl-PL","potentialAction":[{"@type":"ReadAction","target":["https:\/\/energosteel.com\/library\/standards\/dstu-85382015\/"]}]},{"@type":"BreadcrumbList","@id":"https:\/\/energosteel.com\/library\/standards\/dstu-85382015\/#breadcrumb","itemListElement":[{"@type":"ListItem","position":1,"name":"\u0413\u043b\u0430\u0432\u043d\u0430\u044f \u0441\u0442\u0440\u0430\u043d\u0438\u0446\u0430","item":"https:\/\/energosteel.com\/"},{"@type":"ListItem","position":2,"name":"DSTU 8538:2015 KULE STALOWE MIEL\u0104CE DO M\u0141YN\u00d3W KULOWYCH"}]},{"@type":"WebSite","@id":"https:\/\/energosteel.com\/#website","url":"https:\/\/energosteel.com\/","name":"Energosteel. Grinding Media Ball Manufacturer.","description":"Energosteel. Grinding Media Ball Manufacturer. Steel Grinding Balls.","potentialAction":[{"@type":"SearchAction","target":{"@type":"EntryPoint","urlTemplate":"https:\/\/energosteel.com\/?s={search_term_string}"},"query-input":{"@type":"PropertyValueSpecification","valueRequired":true,"valueName":"search_term_string"}}],"inLanguage":"pl-PL"}]}},"_links":{"self":[{"href":"https:\/\/energosteel.com\/pl\/wp-json\/wp\/v2\/pages\/7804","targetHints":{"allow":["GET"]}}],"collection":[{"href":"https:\/\/energosteel.com\/pl\/wp-json\/wp\/v2\/pages"}],"about":[{"href":"https:\/\/energosteel.com\/pl\/wp-json\/wp\/v2\/types\/page"}],"author":[{"embeddable":true,"href":"https:\/\/energosteel.com\/pl\/wp-json\/wp\/v2\/users\/4"}],"replies":[{"embeddable":true,"href":"https:\/\/energosteel.com\/pl\/wp-json\/wp\/v2\/comments?post=7804"}],"version-history":[{"count":0,"href":"https:\/\/energosteel.com\/pl\/wp-json\/wp\/v2\/pages\/7804\/revisions"}],"wp:attachment":[{"href":"https:\/\/energosteel.com\/pl\/wp-json\/wp\/v2\/media?parent=7804"}],"curies":[{"name":"wp","href":"https:\/\/api.w.org\/{rel}","templated":true}]}}